{"id":843,"date":"2023-10-24T20:30:47","date_gmt":"2023-10-24T20:30:47","guid":{"rendered":"https:\/\/www.ctyrkolkykarlovyvary.cz\/?post_type=product&#038;p=843"},"modified":"2023-10-25T07:22:39","modified_gmt":"2023-10-25T07:22:39","slug":"segway-villain-sx10-x-t1b","status":"publish","type":"product","link":"https:\/\/www.ctyrkolkykarlovyvary.cz\/?product=segway-villain-sx10-x-t1b","title":{"rendered":"SEGWAY VILLAIN SX10 X, T1B"},"content":{"rendered":"<p><strong>Sportovn\u00ed \u010dty\u0159kolka SxS T1b, \u010dty\u0159taktn\u00ed dvouv\u00e1lec DOHC 1000 cm3 EFI, automatick\u00e1 p\u0159evodovka P\/R\/N\/L\/H &#8211; CVT, elektrick\u00fd posilova\u010d \u0159\u00edzen\u00ed EPS, pohon 4&#215;4 s uz\u00e1v\u011brkou diferenci\u00e1lu, dvojit\u00e1 A-ramena vp\u0159edu \/ v\u00edceprvkov\u00e9 ulo\u017een\u00ed s vle\u010den\u00fdmi rameny a stabiliz\u00e1torem vzadu, nastaviteln\u00e9 hydraulick\u00e9 tlumi\u010de s progresivn\u00edmi pru\u017einami, elektrick\u00fd navij\u00e1k 4500 lbs, ta\u017en\u00e9 za\u0159\u00edzen\u00ed, anatomicky tvarovan\u00e1 sedadla s hlavovou op\u011brkou, digit\u00e1ln\u00ed p\u0159\u00edstrojov\u00e1 deska, dotykov\u00e1 obrazovka 10,4&#8243;, p\u0159edn\u00ed a zadn\u00ed ochrann\u00e9 r\u00e1my, \u010deln\u00ed ochrann\u00e9 plexi, pevn\u00e1 st\u0159echa, pevn\u00e9 plastov\u00e9 dve\u0159e, hlin\u00edkov\u00e9 14&#8243; disky se syst\u00e9mem beadlock, 29&#8243; pneu, LED osv\u011btlen\u00ed, Smart Commanding System (SCS) + mobiln\u00ed aplikace Smart-Moving App<\/strong><\/p>\n<p>&nbsp;<\/p>\n<p><iframe loading=\"lazy\" title=\"Segway Villain SX10  - Nekompromisn\u011b drav\u00e1 \u010dty\u0159kolka\" width=\"800\" height=\"450\" src=\"https:\/\/www.youtube.com\/embed\/Ckw9P2bhi0w?feature=oembed\" frameborder=\"0\" allow=\"accelerometer; autoplay; clipboard-write; encrypted-media; gyroscope; picture-in-picture; web-share\" allowfullscreen><\/iframe><\/p>\n","protected":false},"excerpt":{"rendered":"<p><strong>438 008 K\u010d bez DPH<\/strong><\/p>\n<p>&nbsp;<\/p>\n<p><strong>Sportovn\u00ed \u010dty\u0159kolka SxS T1b, \u010dty\u0159taktn\u00ed dvouv\u00e1lec DOHC 1000 cm3 EFI, automatick\u00e1 p\u0159evodovka P\/R\/N\/L\/H &#8211; CVT, elektrick\u00fd posilova\u010d \u0159\u00edzen\u00ed EPS, pohon 4&#215;4 s uz\u00e1v\u011brkou diferenci\u00e1lu<\/strong><\/p>\n","protected":false},"featured_media":844,"template":"","meta":[],"product_cat":[27],"product_tag":[],"class_list":{"0":"post-843","1":"product","2":"type-product","3":"status-publish","4":"has-post-thumbnail","6":"product_cat-ctyrkolky-segway","8":"first","9":"instock","10":"taxable","11":"shipping-taxable","12":"purchasable","13":"product-type-simple"},"_links":{"self":[{"href":"https:\/\/www.ctyrkolkykarlovyvary.cz\/index.php?rest_route=\/wp\/v2\/product\/843","targetHints":{"allow":["GET"]}}],"collection":[{"href":"https:\/\/www.ctyrkolkykarlovyvary.cz\/index.php?rest_route=\/wp\/v2\/product"}],"about":[{"href":"https:\/\/www.ctyrkolkykarlovyvary.cz\/index.php?rest_route=\/wp\/v2\/types\/product"}],"wp:featuredmedia":[{"embeddable":true,"href":"https:\/\/www.ctyrkolkykarlovyvary.cz\/index.php?rest_route=\/wp\/v2\/media\/844"}],"wp:attachment":[{"href":"https:\/\/www.ctyrkolkykarlovyvary.cz\/index.php?rest_route=%2Fwp%2Fv2%2Fmedia&parent=843"}],"wp:term":[{"taxonomy":"product_cat","embeddable":true,"href":"https:\/\/www.ctyrkolkykarlovyvary.cz\/index.php?rest_route=%2Fwp%2Fv2%2Fproduct_cat&post=843"},{"taxonomy":"product_tag","embeddable":true,"href":"https:\/\/www.ctyrkolkykarlovyvary.cz\/index.php?rest_route=%2Fwp%2Fv2%2Fproduct_tag&post=843"}],"curies":[{"name":"wp","href":"https:\/\/api.w.org\/{rel}","templated":true}]}}