{"id":826,"date":"2023-10-24T20:21:24","date_gmt":"2023-10-24T20:21:24","guid":{"rendered":"https:\/\/www.ctyrkolkykarlovyvary.cz\/?post_type=product&#038;p=826"},"modified":"2023-10-25T07:22:55","modified_gmt":"2023-10-25T07:22:55","slug":"segway-snarler-at6-s-e5","status":"publish","type":"product","link":"https:\/\/www.ctyrkolkykarlovyvary.cz\/?product=segway-snarler-at6-s-e5","title":{"rendered":"SEGWAY SNARLER AT6 S, E5"},"content":{"rendered":"<p><strong>U\u017eitkov\u00e1 \/ pracovn\u011b-rekrea\u010dn\u00ed \u010dty\u0159kolka, E5 &#8211; L7e, kapalinou chlazen\u00fd jednov\u00e1lec 570 cm3 EFI, automatick\u00e1 p\u0159evodovka P\/R\/N\/L\/H, brzd\u011bn\u00ed motorem, pohon 4&#215;4 se dv\u011bma uzamykateln\u00fdmi diferenci\u00e1ly, dvojit\u00e1 A-ramena vp\u0159edu \/ dvojit\u00e1 A-ramena se stabiliz\u00e1torem vzadu, hydraulick\u00e9 tlumi\u010de s progresivn\u00edmi pru\u017einami, p\u0159edn\u00ed, zadn\u00ed a bo\u010dn\u00ed ochrann\u00e9 r\u00e1my, ta\u017en\u00e9 za\u0159\u00edzen\u00ed, el. navij\u00e1k 2500 lbs, kompozitn\u00ed nosi\u010de vp\u0159edu a vzadu, 12V z\u00e1suvka, 12&#8243; hlin\u00edkov\u00e9 disky, ochrann\u00e9 kryty rukojet\u00ed<\/strong><\/p>\n<p>&nbsp;<\/p>\n<p>&nbsp;<\/p>\n<p><iframe loading=\"lazy\" title=\"ATV Segway Snarler\" width=\"800\" height=\"450\" src=\"https:\/\/www.youtube.com\/embed\/QH1UiDBCzso?feature=oembed\" frameborder=\"0\" allow=\"accelerometer; autoplay; clipboard-write; encrypted-media; gyroscope; picture-in-picture; web-share\" allowfullscreen><\/iframe><\/p>\n","protected":false},"excerpt":{"rendered":"<p><strong>140 487 ,- K\u010d bez DPH<\/strong><\/p>\n<p>&nbsp;<\/p>\n<p><strong>U\u017eitkov\u00e1 \/ pracovn\u011b-rekrea\u010dn\u00ed \u010dty\u0159kolka s prodlou\u017een\u00fdm podvozkem, T3b, kapalinou chlazen\u00fd jednov\u00e1lec 570 cm3 EFI, automatick\u00e1 p\u0159evodovka<\/strong><\/p>\n","protected":false},"featured_media":827,"template":"","meta":[],"product_cat":[27],"product_tag":[],"class_list":{"0":"post-826","1":"product","2":"type-product","3":"status-publish","4":"has-post-thumbnail","6":"product_cat-ctyrkolky-segway","8":"first","9":"instock","10":"taxable","11":"shipping-taxable","12":"purchasable","13":"product-type-simple"},"_links":{"self":[{"href":"https:\/\/www.ctyrkolkykarlovyvary.cz\/index.php?rest_route=\/wp\/v2\/product\/826","targetHints":{"allow":["GET"]}}],"collection":[{"href":"https:\/\/www.ctyrkolkykarlovyvary.cz\/index.php?rest_route=\/wp\/v2\/product"}],"about":[{"href":"https:\/\/www.ctyrkolkykarlovyvary.cz\/index.php?rest_route=\/wp\/v2\/types\/product"}],"wp:featuredmedia":[{"embeddable":true,"href":"https:\/\/www.ctyrkolkykarlovyvary.cz\/index.php?rest_route=\/wp\/v2\/media\/827"}],"wp:attachment":[{"href":"https:\/\/www.ctyrkolkykarlovyvary.cz\/index.php?rest_route=%2Fwp%2Fv2%2Fmedia&parent=826"}],"wp:term":[{"taxonomy":"product_cat","embeddable":true,"href":"https:\/\/www.ctyrkolkykarlovyvary.cz\/index.php?rest_route=%2Fwp%2Fv2%2Fproduct_cat&post=826"},{"taxonomy":"product_tag","embeddable":true,"href":"https:\/\/www.ctyrkolkykarlovyvary.cz\/index.php?rest_route=%2Fwp%2Fv2%2Fproduct_tag&post=826"}],"curies":[{"name":"wp","href":"https:\/\/api.w.org\/{rel}","templated":true}]}}