{"id":734,"date":"2023-10-24T16:11:50","date_gmt":"2023-10-24T16:11:50","guid":{"rendered":"https:\/\/www.ctyrkolkykarlovyvary.cz\/?post_type=product&#038;p=734"},"modified":"2024-12-10T17:40:37","modified_gmt":"2024-12-10T17:40:37","slug":"segway-fugleman-ut10-x-t1b","status":"publish","type":"product","link":"https:\/\/www.ctyrkolkykarlovyvary.cz\/?product=segway-fugleman-ut10-x-t1b","title":{"rendered":"SEGWAY FUGLEMAN UT10 X, T1B"},"content":{"rendered":"<p><strong>Pracovn\u00ed UTV T1b, \u010dty\u0159taktn\u00ed dvouv\u00e1lec DOHC 1000 cm3 EFI, 105 k, automatick\u00e1 p\u0159evodovka P\/R\/N\/L\/H, elektrick\u00fd posilova\u010d \u0159\u00edzen\u00ed EPS, pohon 4&#215;4 s uz\u00e1v\u011brkou diferenci\u00e1lu, dvojit\u00e1 A-ramena vp\u0159edu \/ dvojit\u00e1 A-ramena se stabiliz\u00e1torem vzadu, hydraulick\u00e9 tlumi\u010de s progresivn\u00edmi pru\u017einami, skl\u00e1p\u011bc\u00ed korba, elektrick\u00fd navij\u00e1k 4500 lbs, ta\u017en\u00e9 za\u0159\u00edzen\u00ed, anatomicky tvarovan\u00e1 sedadla s hlavovou op\u011brkou, digit\u00e1ln\u00ed p\u0159\u00edstrojov\u00e1 deska, 10.4\u201d dotykov\u00e1 obrazovka, p\u0159edn\u00ed, zadn\u00ed ochrann\u00e9 r\u00e1my, \u010deln\u00ed ochrann\u00e9 plexi, pevn\u00e1 st\u0159echa,14&#8243; hlin\u00edkov\u00e9 disky se syst\u00e9mem Beadlock, 26&#8243; pneu, pevn\u00e9 bo\u010dn\u00ed dve\u0159e, Smart Commanding System (SCS) + mobiln\u00ed aplikace Smart-Moving App<\/strong><\/p>\n<p>&nbsp;<\/p>\n<p><iframe loading=\"lazy\" title=\"Segway Fugleman UT10 - Extr\u00e9mn\u011b obratn\u00e9 a siln\u00e9 UTV\" width=\"800\" height=\"450\" src=\"https:\/\/www.youtube.com\/embed\/1deUvupcA8o?feature=oembed\" frameborder=\"0\" allow=\"accelerometer; autoplay; clipboard-write; encrypted-media; gyroscope; picture-in-picture; web-share\" referrerpolicy=\"strict-origin-when-cross-origin\" allowfullscreen><\/iframe><\/p>\n","protected":false},"excerpt":{"rendered":"<p><strong>355.363 K\u010d bez DPH<\/strong><\/p>\n<p>&nbsp;<\/p>\n<p><strong>Pracovn\u00ed UTV T1b, \u010dty\u0159taktn\u00ed dvouv\u00e1lec DOHC 1000 cm3 EFI, 105 k, automatick\u00e1 p\u0159evodovka P\/R\/N\/L\/H, elektrick\u00fd posilova\u010d \u0159\u00edzen\u00ed EPS, pohon 4&#215;4 s uz\u00e1v\u011brkou diferenci\u00e1lu<\/strong><\/p>\n","protected":false},"featured_media":735,"template":"","meta":[],"product_cat":[27],"product_tag":[],"class_list":{"0":"post-734","1":"product","2":"type-product","3":"status-publish","4":"has-post-thumbnail","6":"product_cat-ctyrkolky-segway","8":"first","9":"instock","10":"taxable","11":"shipping-taxable","12":"purchasable","13":"product-type-simple"},"_links":{"self":[{"href":"https:\/\/www.ctyrkolkykarlovyvary.cz\/index.php?rest_route=\/wp\/v2\/product\/734","targetHints":{"allow":["GET"]}}],"collection":[{"href":"https:\/\/www.ctyrkolkykarlovyvary.cz\/index.php?rest_route=\/wp\/v2\/product"}],"about":[{"href":"https:\/\/www.ctyrkolkykarlovyvary.cz\/index.php?rest_route=\/wp\/v2\/types\/product"}],"wp:featuredmedia":[{"embeddable":true,"href":"https:\/\/www.ctyrkolkykarlovyvary.cz\/index.php?rest_route=\/wp\/v2\/media\/735"}],"wp:attachment":[{"href":"https:\/\/www.ctyrkolkykarlovyvary.cz\/index.php?rest_route=%2Fwp%2Fv2%2Fmedia&parent=734"}],"wp:term":[{"taxonomy":"product_cat","embeddable":true,"href":"https:\/\/www.ctyrkolkykarlovyvary.cz\/index.php?rest_route=%2Fwp%2Fv2%2Fproduct_cat&post=734"},{"taxonomy":"product_tag","embeddable":true,"href":"https:\/\/www.ctyrkolkykarlovyvary.cz\/index.php?rest_route=%2Fwp%2Fv2%2Fproduct_tag&post=734"}],"curies":[{"name":"wp","href":"https:\/\/api.w.org\/{rel}","templated":true}]}}