{"id":586,"date":"2023-10-24T12:50:52","date_gmt":"2023-10-24T12:50:52","guid":{"rendered":"https:\/\/www.ctyrkolkykarlovyvary.cz\/?post_type=product&#038;p=586"},"modified":"2023-10-25T07:25:10","modified_gmt":"2023-10-25T07:25:10","slug":"segway-at5-l-eps-limited-t3b","status":"publish","type":"product","link":"https:\/\/www.ctyrkolkykarlovyvary.cz\/?product=segway-at5-l-eps-limited-t3b","title":{"rendered":"SEGWAY AT5 L EPS LIMITED, T3B"},"content":{"rendered":"<p><strong>Nov\u00e1 u\u017eitkov\u00e1 \/ pracovn\u011b-rekrea\u010dn\u00ed \u010dty\u0159kolka s prodlou\u017een\u00fdm podvozkem, T3b, elektrick\u00fd posilova\u010d \u0159\u00edzen\u00ed EPS, kapalinou chlazen\u00fd jednov\u00e1lec 499 cm3 EFI o v\u00fdkonu 39hp, automatick\u00e1 p\u0159evodovka P\/R\/N\/L\/H, brzd\u011bn\u00ed motorem, pohon 4&#215;4 s uz\u00e1v\u011brkou diferenci\u00e1lu, dvojit\u00e1 A-ramena vp\u0159edu \/ dvojit\u00e1 A-ramena se stabiliz\u00e1torem vzadu, hydraulick\u00e9 tlumi\u010de s progresivn\u00edmi pru\u017einami, nastaviteln\u00e9 p\u0159edp\u011bt\u00ed pru\u017ein. P\u0159edn\u00ed a zadn\u00ed ochrann\u00e9 r\u00e1my, ta\u017en\u00e9 za\u0159\u00edzen\u00ed, el. navij\u00e1k 2500 lbs, kompozitn\u00ed nosi\u010de vp\u0159edu a vzadu, Full-LED osv\u011btlen\u00ed, prodlou\u017een\u00e9 sedadlo spolujezdce s op\u011brkou zad, 12V z\u00e1suvka, 12&#8243; hlin\u00edkov\u00e9 disky, 25&#8243; pneu, ochrann\u00e9 kryty rukojet\u00ed, Smart Commanding System (SCS) + mobiln\u00ed aplikace Smart-Moving App<\/strong><\/p>\n<p>&nbsp;<\/p>\n<p><iframe loading=\"lazy\" title=\"Segway AT5 - Nov\u00fd kr\u00e1l p\u011btistovek\" width=\"800\" height=\"450\" src=\"https:\/\/www.youtube.com\/embed\/GrDjuZtWZi0?feature=oembed\" frameborder=\"0\" allow=\"accelerometer; autoplay; clipboard-write; encrypted-media; gyroscope; picture-in-picture; web-share\" allowfullscreen><\/iframe><\/p>\n","protected":false},"excerpt":{"rendered":"<p><strong>140 487,60 K\u010d bez DPH<\/strong><\/p>\n<p>&nbsp;<\/p>\n<p><strong>Nov\u00e1 u\u017eitkov\u00e1 \/ pracovn\u011b-rekrea\u010dn\u00ed \u010dty\u0159kolka s prodlou\u017een\u00fdm podvozkem, T3b, elektrick\u00fd posilova\u010d \u0159\u00edzen\u00ed EPS, kapalinou chlazen\u00fd jednov\u00e1lec 499 cm3 EFI o v\u00fdkonu 39hp<\/strong><\/p>\n","protected":false},"featured_media":595,"template":"","meta":[],"product_cat":[27],"product_tag":[],"class_list":{"0":"post-586","1":"product","2":"type-product","3":"status-publish","4":"has-post-thumbnail","6":"product_cat-ctyrkolky-segway","8":"first","9":"instock","10":"taxable","11":"shipping-taxable","12":"purchasable","13":"product-type-simple"},"_links":{"self":[{"href":"https:\/\/www.ctyrkolkykarlovyvary.cz\/index.php?rest_route=\/wp\/v2\/product\/586","targetHints":{"allow":["GET"]}}],"collection":[{"href":"https:\/\/www.ctyrkolkykarlovyvary.cz\/index.php?rest_route=\/wp\/v2\/product"}],"about":[{"href":"https:\/\/www.ctyrkolkykarlovyvary.cz\/index.php?rest_route=\/wp\/v2\/types\/product"}],"wp:featuredmedia":[{"embeddable":true,"href":"https:\/\/www.ctyrkolkykarlovyvary.cz\/index.php?rest_route=\/wp\/v2\/media\/595"}],"wp:attachment":[{"href":"https:\/\/www.ctyrkolkykarlovyvary.cz\/index.php?rest_route=%2Fwp%2Fv2%2Fmedia&parent=586"}],"wp:term":[{"taxonomy":"product_cat","embeddable":true,"href":"https:\/\/www.ctyrkolkykarlovyvary.cz\/index.php?rest_route=%2Fwp%2Fv2%2Fproduct_cat&post=586"},{"taxonomy":"product_tag","embeddable":true,"href":"https:\/\/www.ctyrkolkykarlovyvary.cz\/index.php?rest_route=%2Fwp%2Fv2%2Fproduct_tag&post=586"}],"curies":[{"name":"wp","href":"https:\/\/api.w.org\/{rel}","templated":true}]}}