{"id":1797,"date":"2025-11-04T08:42:45","date_gmt":"2025-11-04T08:42:45","guid":{"rendered":"https:\/\/www.ctyrkolkykarlovyvary.cz\/?post_type=product&#038;p=1797"},"modified":"2025-11-04T08:50:38","modified_gmt":"2025-11-04T08:50:38","slug":"linhai-atv-550l-landforce-efi-t3b","status":"publish","type":"product","link":"https:\/\/www.ctyrkolkykarlovyvary.cz\/?product=linhai-atv-550l-landforce-efi-t3b","title":{"rendered":"Linhai ATV 550L LANDFORCE, EFI, T3b"},"content":{"rendered":"<p>U\u017eitkov\u00e1 \/ pracovn\u011b-rekrea\u010dn\u00ed \u010dty\u0159kolka, T3b, dlouh\u00fd rozvor, vysokov\u00fdkonn\u00e9 Full-LED sv\u011btlomety, LED sv\u011btla pro denn\u00ed sv\u00edcen\u00ed, p\u0159edn\u00ed LED blinkry, kapalinou chlazen\u00fd jednov\u00e1lec 493 cm3, EFI, automatick\u00e1 p\u0159evodovka L\/H\/N\/R\/P, pohon 2&#215;4 \/ 4&#215;4 s uz\u00e1v\u011brkou diferenci\u00e1lu, nez\u00e1visl\u00e1 dvojit\u00e1 A-ramena, 4x kotou\u010dov\u00e1 brzda, ta\u017en\u00e9 za\u0159\u00edzen\u00ed, kompozitn\u00ed nosi\u010de vp\u0159edu a vzadu, el. navij\u00e1k 3000lbs s nylonov\u00fdm lanem a d\u00e1lkov\u00fdm ovl\u00e1d\u00e1n\u00edm, 12&#8243; ALU, 25&#8243; pneumatiky Bulldog, pro\u0161\u00edvan\u00e1 seda\u010dka spolujezdce a op\u011brka zad.<\/p>\n<ul id=\"product-codes\" class=\"list-unstyled my-3\">\n<li class=\"row\"><span class=\"col-5 label\">V\u00fdrobce\u00a0<\/span><span class=\"col-7 text-end\">LINHAI<\/span><\/li>\n<li class=\"row\"><span class=\"col-5 label\">K\u00f3d produktu\u00a0<\/span><span class=\"col-7 text-end break-all\">ATV550L-LF-T3b-MASTER<\/span><\/li>\n<li class=\"row\"><span class=\"col-5 label\">Hmotnost balen\u00ed\u00a0<\/span><span class=\"col-7 text-end\">455 Kg<\/span><\/li>\n<li>Cena bez DPH: 99.165,29 K\u010d<\/li>\n<\/ul>\n","protected":false},"excerpt":{"rendered":"<p>U\u017eitkov\u00e1 \/ pracovn\u011b-rekrea\u010dn\u00ed \u010dty\u0159kolka, T3b, dlouh\u00fd rozvor, vysokov\u00fdkonn\u00e9 Full-LED sv\u011btlomety, LED sv\u011btla pro denn\u00ed sv\u00edcen\u00ed, p\u0159edn\u00ed LED blinkry, kapalinou chlazen\u00fd jednov\u00e1lec 493 cm3, EFI, automatick\u00e1 p\u0159evodovka L\/H\/N\/R\/P, pohon 2&#215;4 \/ 4&#215;4 s uz\u00e1v\u011brkou diferenci\u00e1lu, nez\u00e1visl\u00e1 dvojit\u00e1 A-ramena, 4x kotou\u010dov\u00e1 brzda, ta\u017en\u00e9 za\u0159\u00edzen\u00ed, kompozitn\u00ed nosi\u010de vp\u0159edu a vzadu, el. navij\u00e1k 3000lbs s nylonov\u00fdm lanem a d\u00e1lkov\u00fdm [&hellip;]<\/p>\n","protected":false},"featured_media":1798,"template":"","meta":[],"product_cat":[29],"product_tag":[],"class_list":{"0":"post-1797","1":"product","2":"type-product","3":"status-publish","4":"has-post-thumbnail","6":"product_cat-ctyrkolky-linhai","8":"first","9":"instock","10":"taxable","11":"shipping-taxable","12":"purchasable","13":"product-type-simple"},"_links":{"self":[{"href":"https:\/\/www.ctyrkolkykarlovyvary.cz\/index.php?rest_route=\/wp\/v2\/product\/1797","targetHints":{"allow":["GET"]}}],"collection":[{"href":"https:\/\/www.ctyrkolkykarlovyvary.cz\/index.php?rest_route=\/wp\/v2\/product"}],"about":[{"href":"https:\/\/www.ctyrkolkykarlovyvary.cz\/index.php?rest_route=\/wp\/v2\/types\/product"}],"wp:featuredmedia":[{"embeddable":true,"href":"https:\/\/www.ctyrkolkykarlovyvary.cz\/index.php?rest_route=\/wp\/v2\/media\/1798"}],"wp:attachment":[{"href":"https:\/\/www.ctyrkolkykarlovyvary.cz\/index.php?rest_route=%2Fwp%2Fv2%2Fmedia&parent=1797"}],"wp:term":[{"taxonomy":"product_cat","embeddable":true,"href":"https:\/\/www.ctyrkolkykarlovyvary.cz\/index.php?rest_route=%2Fwp%2Fv2%2Fproduct_cat&post=1797"},{"taxonomy":"product_tag","embeddable":true,"href":"https:\/\/www.ctyrkolkykarlovyvary.cz\/index.php?rest_route=%2Fwp%2Fv2%2Fproduct_tag&post=1797"}],"curies":[{"name":"wp","href":"https:\/\/api.w.org\/{rel}","templated":true}]}}