{"id":1795,"date":"2025-11-04T08:41:03","date_gmt":"2025-11-04T08:41:03","guid":{"rendered":"https:\/\/www.ctyrkolkykarlovyvary.cz\/?post_type=product&#038;p=1795"},"modified":"2025-11-04T08:50:55","modified_gmt":"2025-11-04T08:50:55","slug":"linhai-atv-110-2x4-efi-ce","status":"publish","type":"product","link":"https:\/\/www.ctyrkolkykarlovyvary.cz\/?product=linhai-atv-110-2x4-efi-ce","title":{"rendered":"Linhai ATV 110 2X4 EFI CE"},"content":{"rendered":"<p>Model 110 Junior je ide\u00e1ln\u00ed volbou pro mlad\u00e9 nad\u0161ence, kte\u0159\u00ed tou\u017e\u00ed po ak\u010dn\u00ed a z\u00e1bavn\u00e9 j\u00edzd\u011b. Jezdec si za \u0159\u00edd\u00edtky tohoto atraktivn\u00edho a dynamick\u00e9ho stroje u\u017eije spoustu adrenalinu a dobrodru\u017estv\u00ed, zat\u00edmco rodi\u010de ocen\u00ed \u0161pi\u010dkovou \u00farove\u0148 bezpe\u010dnostn\u00edch prvk\u016f. D\u00edky pokro\u010dil\u00e9 technologii a d\u016fmysln\u00e9 konstrukci je tento stroj v mnoha ohledech v\u00fdjime\u010dn\u00fd a nastavuje nov\u00fd standard pro kategorii juniorsk\u00fdch stroj\u016f.<\/p>\n<ul id=\"product-codes\" class=\"list-unstyled my-3\">\n<li class=\"row\"><span class=\"col-5 label\">V\u00fdrobce\u00a0<\/span><span class=\"col-7 text-end\">LINHAI<\/span><\/li>\n<li class=\"row\"><span class=\"col-5 label\">K\u00f3d produktu\u00a0<\/span><span class=\"col-7 text-end break-all\">ATV110-CE-2&#215;4-MASTER<\/span><\/li>\n<li class=\"row\"><span class=\"col-5 label\">Hmotnost balen\u00ed\u00a0<\/span><span class=\"col-7 text-end\">135 Kg<\/span><\/li>\n<li>Cena bez DPH: 33.049,59 K\u010d<\/li>\n<\/ul>\n","protected":false},"excerpt":{"rendered":"<p>Model 110 Junior je ide\u00e1ln\u00ed volbou pro mlad\u00e9 nad\u0161ence, kte\u0159\u00ed tou\u017e\u00ed po ak\u010dn\u00ed a z\u00e1bavn\u00e9 j\u00edzd\u011b. Jezdec si za \u0159\u00edd\u00edtky tohoto atraktivn\u00edho a dynamick\u00e9ho stroje u\u017eije spoustu adrenalinu a dobrodru\u017estv\u00ed, zat\u00edmco rodi\u010de ocen\u00ed \u0161pi\u010dkovou \u00farove\u0148 bezpe\u010dnostn\u00edch prvk\u016f. D\u00edky pokro\u010dil\u00e9 technologii a d\u016fmysln\u00e9 konstrukci je tento stroj v mnoha ohledech v\u00fdjime\u010dn\u00fd a nastavuje nov\u00fd standard pro [&hellip;]<\/p>\n","protected":false},"featured_media":1796,"template":"","meta":[],"product_cat":[29],"product_tag":[],"class_list":{"0":"post-1795","1":"product","2":"type-product","3":"status-publish","4":"has-post-thumbnail","6":"product_cat-ctyrkolky-linhai","8":"first","9":"instock","10":"taxable","11":"shipping-taxable","12":"purchasable","13":"product-type-simple"},"_links":{"self":[{"href":"https:\/\/www.ctyrkolkykarlovyvary.cz\/index.php?rest_route=\/wp\/v2\/product\/1795","targetHints":{"allow":["GET"]}}],"collection":[{"href":"https:\/\/www.ctyrkolkykarlovyvary.cz\/index.php?rest_route=\/wp\/v2\/product"}],"about":[{"href":"https:\/\/www.ctyrkolkykarlovyvary.cz\/index.php?rest_route=\/wp\/v2\/types\/product"}],"wp:featuredmedia":[{"embeddable":true,"href":"https:\/\/www.ctyrkolkykarlovyvary.cz\/index.php?rest_route=\/wp\/v2\/media\/1796"}],"wp:attachment":[{"href":"https:\/\/www.ctyrkolkykarlovyvary.cz\/index.php?rest_route=%2Fwp%2Fv2%2Fmedia&parent=1795"}],"wp:term":[{"taxonomy":"product_cat","embeddable":true,"href":"https:\/\/www.ctyrkolkykarlovyvary.cz\/index.php?rest_route=%2Fwp%2Fv2%2Fproduct_cat&post=1795"},{"taxonomy":"product_tag","embeddable":true,"href":"https:\/\/www.ctyrkolkykarlovyvary.cz\/index.php?rest_route=%2Fwp%2Fv2%2Fproduct_tag&post=1795"}],"curies":[{"name":"wp","href":"https:\/\/api.w.org\/{rel}","templated":true}]}}