{"id":1788,"date":"2025-11-04T07:38:08","date_gmt":"2025-11-04T07:38:08","guid":{"rendered":"https:\/\/www.ctyrkolkykarlovyvary.cz\/?post_type=product&#038;p=1788"},"modified":"2025-11-04T08:18:13","modified_gmt":"2025-11-04T08:18:13","slug":"segway-ut6-x-eps-t1b-camo","status":"publish","type":"product","link":"https:\/\/www.ctyrkolkykarlovyvary.cz\/?product=segway-ut6-x-eps-t1b-camo","title":{"rendered":"Segway UT6 X EPS, T1b, Camo"},"content":{"rendered":"<p>Fugleman UT6 X je spolehliv\u00e9 a cenov\u011b dostupn\u00e9 UTV kombinuj\u00edc\u00ed \u00fasporn\u00fd provoz s praktick\u00fdm designem: polovi\u010dn\u00ed \u010deln\u00ed sklo a pr\u016fhledn\u00e9 n\u00edzk\u00e9 dve\u0159e chr\u00e1n\u00ed pos\u00e1dku p\u0159ed bl\u00e1tem, z\u00e1rove\u0148 poskytuj\u00ed pohodl\u00ed a p\u0159ehled p\u0159i pr\u00e1ci. Pohon 4&#215;4 zaji\u0161\u0165uje skv\u011bl\u00e9 ter\u00e9nn\u00ed schopnosti, zat\u00edmco skl\u00e1p\u011bc\u00ed korba a vysok\u00e1 ta\u017en\u00e1 kapacita z n\u011bj d\u011blaj\u00ed nepostradateln\u00e9ho pomocn\u00edka p\u0159i p\u0159eprav\u011b materi\u00e1lu na stavb\u00e1ch, v zahradnictv\u00edch, les\u00edch \u010di parc\u00edch. D\u00edky mo\u017enosti mont\u00e1\u017ee p\u0159\u00edpojn\u00fdch za\u0159\u00edzen\u00ed je UT6X univerz\u00e1ln\u00edm n\u00e1strojem, kter\u00fd zvl\u00e1dne \u0161irokou \u0161k\u00e1lu \u00fakol\u016f \u2013 od \u00fadr\u017eby sad\u016f a\u017e po p\u00e9\u010di o sportovn\u00ed are\u00e1ly.<\/p>\n<ul id=\"product-codes\" class=\"list-unstyled my-3\">\n<li class=\"row\"><span class=\"col-5 label\">V\u00fdrobce\u00a0<\/span><span class=\"col-7 text-end\">SEGWAY<\/span><\/li>\n<li class=\"row\"><span class=\"col-5 label\">K\u00f3d produktu\u00a0<\/span><span class=\"col-7 text-end break-all\">SGW570F-U3X-C<\/span><\/li>\n<li class=\"row\"><span class=\"col-5 label\">EAN produktu\u00a0<\/span><span class=\"col-7 text-end\">8592590126878<\/span><\/li>\n<li class=\"row\"><span class=\"col-5 label\">Hmotnost balen\u00ed\u00a0<\/span><span class=\"col-7 text-end\">762 Kg<\/span><\/li>\n<li>Cena bez DPH: 280.983,47 K\u010d<\/li>\n<\/ul>\n<p>&nbsp;<\/p>\n","protected":false},"excerpt":{"rendered":"<p>Fugleman UT6 X je spolehliv\u00e9 a cenov\u011b dostupn\u00e9 UTV kombinuj\u00edc\u00ed \u00fasporn\u00fd provoz s praktick\u00fdm designem: polovi\u010dn\u00ed \u010deln\u00ed sklo a pr\u016fhledn\u00e9 n\u00edzk\u00e9 dve\u0159e chr\u00e1n\u00ed pos\u00e1dku p\u0159ed bl\u00e1tem, z\u00e1rove\u0148 poskytuj\u00ed pohodl\u00ed a p\u0159ehled p\u0159i pr\u00e1ci. Pohon 4&#215;4 zaji\u0161\u0165uje skv\u011bl\u00e9 ter\u00e9nn\u00ed schopnosti, zat\u00edmco skl\u00e1p\u011bc\u00ed korba a vysok\u00e1 ta\u017en\u00e1 kapacita z n\u011bj d\u011blaj\u00ed nepostradateln\u00e9ho pomocn\u00edka p\u0159i p\u0159eprav\u011b materi\u00e1lu na [&hellip;]<\/p>\n","protected":false},"featured_media":1789,"template":"","meta":[],"product_cat":[27],"product_tag":[32],"class_list":{"0":"post-1788","1":"product","2":"type-product","3":"status-publish","4":"has-post-thumbnail","6":"product_cat-ctyrkolky-segway","7":"product_tag-ctyrkolky-segway-ctyrkolky-karlovy-vary","9":"first","10":"instock","11":"taxable","12":"shipping-taxable","13":"purchasable","14":"product-type-simple"},"_links":{"self":[{"href":"https:\/\/www.ctyrkolkykarlovyvary.cz\/index.php?rest_route=\/wp\/v2\/product\/1788","targetHints":{"allow":["GET"]}}],"collection":[{"href":"https:\/\/www.ctyrkolkykarlovyvary.cz\/index.php?rest_route=\/wp\/v2\/product"}],"about":[{"href":"https:\/\/www.ctyrkolkykarlovyvary.cz\/index.php?rest_route=\/wp\/v2\/types\/product"}],"wp:featuredmedia":[{"embeddable":true,"href":"https:\/\/www.ctyrkolkykarlovyvary.cz\/index.php?rest_route=\/wp\/v2\/media\/1789"}],"wp:attachment":[{"href":"https:\/\/www.ctyrkolkykarlovyvary.cz\/index.php?rest_route=%2Fwp%2Fv2%2Fmedia&parent=1788"}],"wp:term":[{"taxonomy":"product_cat","embeddable":true,"href":"https:\/\/www.ctyrkolkykarlovyvary.cz\/index.php?rest_route=%2Fwp%2Fv2%2Fproduct_cat&post=1788"},{"taxonomy":"product_tag","embeddable":true,"href":"https:\/\/www.ctyrkolkykarlovyvary.cz\/index.php?rest_route=%2Fwp%2Fv2%2Fproduct_tag&post=1788"}],"curies":[{"name":"wp","href":"https:\/\/api.w.org\/{rel}","templated":true}]}}