{"id":1786,"date":"2025-11-04T07:35:10","date_gmt":"2025-11-04T07:35:10","guid":{"rendered":"https:\/\/www.ctyrkolkykarlovyvary.cz\/?post_type=product&#038;p=1786"},"modified":"2025-11-04T08:17:53","modified_gmt":"2025-11-04T08:17:53","slug":"segway-at10-l-eps-t3b","status":"publish","type":"product","link":"https:\/\/www.ctyrkolkykarlovyvary.cz\/?product=segway-at10-l-eps-t3b","title":{"rendered":"Segway AT10 L EPS, T3b"},"content":{"rendered":"<p>Ultim\u00e1tn\u00ed \u010dty\u0159kolka, posouvaj\u00edc\u00ed hranice v\u00fdkonu a dobrodru\u017estv\u00ed! Motor s v\u00fdkonem 97 kon\u00ed zvl\u00e1dne zrychlen\u00ed z 0 na 100 km\/h za m\u00e9n\u011b ne\u017e 9 sekund a je navr\u017een pro milovn\u00edky adrenalinov\u00e9 j\u00edzdy a n\u00e1ro\u010dn\u00e9ho ter\u00e9nu. Pokro\u010dil\u00e9 technologie v kombinaci s vynikaj\u00edc\u00ed stabilitou a ovladatelnost\u00ed v\u00e1m zajist\u00ed bezpe\u010dnou j\u00edzdu bez ohledu na to, jestli se pohybujete v hlubok\u00e9m bl\u00e1t\u011b, po kamenit\u00fdch cest\u00e1ch nebo na prudk\u00fdch svaz\u00edch.<\/p>\n<ul id=\"product-codes\" class=\"list-unstyled my-3\">\n<li class=\"row\"><span class=\"col-5 label\">V\u00fdrobce\u00a0<\/span><span class=\"col-7 text-end\">SEGWAY<\/span><\/li>\n<li class=\"row\"><span class=\"col-5 label\">K\u00f3d produktu\u00a0<\/span><span class=\"col-7 text-end break-all\">SGW1000F-A3-MASTER<\/span><\/li>\n<li class=\"row\"><span class=\"col-5 label\">EAN produktu\u00a0<\/span><span class=\"col-7 text-end\">8592590060813<\/span><\/li>\n<li class=\"row\"><span class=\"col-5 label\">Hmotnost balen\u00ed\u00a0<\/span><span class=\"col-7 text-end\">559 Kg<\/span><\/li>\n<li>Cena bez DPH: 214.867.77 K\u010d<\/li>\n<\/ul>\n<p>&nbsp;<\/p>\n<p><iframe loading=\"lazy\" title=\"SEGWAY AT10\" width=\"800\" height=\"450\" src=\"https:\/\/www.youtube.com\/embed\/k6pRD6KDCP4?feature=oembed\" frameborder=\"0\" allow=\"accelerometer; autoplay; clipboard-write; encrypted-media; gyroscope; picture-in-picture; web-share\" referrerpolicy=\"strict-origin-when-cross-origin\" allowfullscreen><\/iframe><\/p>\n","protected":false},"excerpt":{"rendered":"<p>Ultim\u00e1tn\u00ed \u010dty\u0159kolka, posouvaj\u00edc\u00ed hranice v\u00fdkonu a dobrodru\u017estv\u00ed! Motor s v\u00fdkonem 97 kon\u00ed zvl\u00e1dne zrychlen\u00ed z 0 na 100 km\/h za m\u00e9n\u011b ne\u017e 9 sekund a je navr\u017een pro milovn\u00edky adrenalinov\u00e9 j\u00edzdy a n\u00e1ro\u010dn\u00e9ho ter\u00e9nu. Pokro\u010dil\u00e9 technologie v kombinaci s vynikaj\u00edc\u00ed stabilitou a ovladatelnost\u00ed v\u00e1m zajist\u00ed bezpe\u010dnou j\u00edzdu bez ohledu na to, jestli se pohybujete v [&hellip;]<\/p>\n","protected":false},"featured_media":1787,"template":"","meta":[],"product_cat":[27],"product_tag":[32],"class_list":{"0":"post-1786","1":"product","2":"type-product","3":"status-publish","4":"has-post-thumbnail","6":"product_cat-ctyrkolky-segway","7":"product_tag-ctyrkolky-segway-ctyrkolky-karlovy-vary","9":"first","10":"instock","11":"taxable","12":"shipping-taxable","13":"purchasable","14":"product-type-simple"},"_links":{"self":[{"href":"https:\/\/www.ctyrkolkykarlovyvary.cz\/index.php?rest_route=\/wp\/v2\/product\/1786","targetHints":{"allow":["GET"]}}],"collection":[{"href":"https:\/\/www.ctyrkolkykarlovyvary.cz\/index.php?rest_route=\/wp\/v2\/product"}],"about":[{"href":"https:\/\/www.ctyrkolkykarlovyvary.cz\/index.php?rest_route=\/wp\/v2\/types\/product"}],"wp:featuredmedia":[{"embeddable":true,"href":"https:\/\/www.ctyrkolkykarlovyvary.cz\/index.php?rest_route=\/wp\/v2\/media\/1787"}],"wp:attachment":[{"href":"https:\/\/www.ctyrkolkykarlovyvary.cz\/index.php?rest_route=%2Fwp%2Fv2%2Fmedia&parent=1786"}],"wp:term":[{"taxonomy":"product_cat","embeddable":true,"href":"https:\/\/www.ctyrkolkykarlovyvary.cz\/index.php?rest_route=%2Fwp%2Fv2%2Fproduct_cat&post=1786"},{"taxonomy":"product_tag","embeddable":true,"href":"https:\/\/www.ctyrkolkykarlovyvary.cz\/index.php?rest_route=%2Fwp%2Fv2%2Fproduct_tag&post=1786"}],"curies":[{"name":"wp","href":"https:\/\/api.w.org\/{rel}","templated":true}]}}