{"id":1775,"date":"2025-11-04T07:24:40","date_gmt":"2025-11-04T07:24:40","guid":{"rendered":"https:\/\/www.ctyrkolkykarlovyvary.cz\/?post_type=product&#038;p=1775"},"modified":"2025-11-04T08:17:19","modified_gmt":"2025-11-04T08:17:19","slug":"segway-at10-wl-30-eps-limited-t3b","status":"publish","type":"product","link":"https:\/\/www.ctyrkolkykarlovyvary.cz\/?product=segway-at10-wl-30-eps-limited-t3b","title":{"rendered":"Segway AT10 WL 30&#8243; EPS Limited, T3b"},"content":{"rendered":"<p>Roz\u0161\u00ed\u0159en\u00e1 verze s 30&#8243; pneu Segway AT10 WL s v\u00fdkonem 97 kon\u00ed a to\u010div\u00fdm momentem 92 Nm nab\u00edz\u00ed dechberouc\u00ed zrychlen\u00ed a extr\u00e9mn\u00ed off-road z\u00e1\u017eitky. \u010cty\u0159kolka je nav\u00edc vybavena pln\u011b se\u0159iditeln\u00fdmi tlumi\u010di, Full LED osv\u011btlen\u00edm a roz\u0161\u00ed\u0159en\u00edm blatn\u00edk\u016f. Prodlou\u017een\u00e1 ramena poskytuj\u00ed v\u011bt\u0161\u00ed sv\u011btlou v\u00fd\u0161ku a maxim\u00e1ln\u00ed stabilitu, zat\u00edmco prohnut\u00e1 spodn\u00ed ramena umo\u017e\u0148uj\u00ed bezpe\u010dn\u00e9 p\u0159ekon\u00e1v\u00e1n\u00ed p\u0159ek\u00e1\u017eek. Segway AT10 je zrozen pro ty, kdo hledaj\u00ed po\u0159\u00e1dn\u00fd v\u00fdkon a nekompromisn\u00ed ter\u00e9nn\u00ed schopnosti.<\/p>\n<ul id=\"product-codes\" class=\"list-unstyled my-3\">\n<li class=\"row\"><span class=\"col-5 label\">V\u00fdrobce\u00a0<\/span><span class=\"col-7 text-end\">SEGWAY<\/span><\/li>\n<li class=\"row\"><span class=\"col-5 label\">K\u00f3d produktu\u00a0<\/span><span class=\"col-7 text-end break-all\">SGW1000F-A7-W30-MASTER<\/span><\/li>\n<li class=\"row\"><span class=\"col-5 label\">EAN produktu\u00a0<\/span><span class=\"col-7 text-end\">8592590128094<\/span><\/li>\n<li class=\"row\"><span class=\"col-5 label\">Hmotnost balen\u00ed\u00a0<\/span><span class=\"col-7 text-end\">579 Kg<\/span><\/li>\n<li>Cena bez DPH: 247.925,62 K\u010d<\/li>\n<\/ul>\n<p>&nbsp;<\/p>\n<p><iframe loading=\"lazy\" title=\"SEGWAY AT10\" width=\"800\" height=\"450\" src=\"https:\/\/www.youtube.com\/embed\/k6pRD6KDCP4?feature=oembed\" frameborder=\"0\" allow=\"accelerometer; autoplay; clipboard-write; encrypted-media; gyroscope; picture-in-picture; web-share\" referrerpolicy=\"strict-origin-when-cross-origin\" allowfullscreen><\/iframe><\/p>\n","protected":false},"excerpt":{"rendered":"<p>Roz\u0161\u00ed\u0159en\u00e1 verze s 30&#8243; pneu Segway AT10 WL s v\u00fdkonem 97 kon\u00ed a to\u010div\u00fdm momentem 92 Nm nab\u00edz\u00ed dechberouc\u00ed zrychlen\u00ed a extr\u00e9mn\u00ed off-road z\u00e1\u017eitky. \u010cty\u0159kolka je nav\u00edc vybavena pln\u011b se\u0159iditeln\u00fdmi tlumi\u010di, Full LED osv\u011btlen\u00edm a roz\u0161\u00ed\u0159en\u00edm blatn\u00edk\u016f. Prodlou\u017een\u00e1 ramena poskytuj\u00ed v\u011bt\u0161\u00ed sv\u011btlou v\u00fd\u0161ku a maxim\u00e1ln\u00ed stabilitu, zat\u00edmco prohnut\u00e1 spodn\u00ed ramena umo\u017e\u0148uj\u00ed bezpe\u010dn\u00e9 p\u0159ekon\u00e1v\u00e1n\u00ed p\u0159ek\u00e1\u017eek. Segway [&hellip;]<\/p>\n","protected":false},"featured_media":1776,"template":"","meta":[],"product_cat":[27],"product_tag":[32],"class_list":{"0":"post-1775","1":"product","2":"type-product","3":"status-publish","4":"has-post-thumbnail","6":"product_cat-ctyrkolky-segway","7":"product_tag-ctyrkolky-segway-ctyrkolky-karlovy-vary","9":"first","10":"instock","11":"taxable","12":"shipping-taxable","13":"purchasable","14":"product-type-simple"},"_links":{"self":[{"href":"https:\/\/www.ctyrkolkykarlovyvary.cz\/index.php?rest_route=\/wp\/v2\/product\/1775","targetHints":{"allow":["GET"]}}],"collection":[{"href":"https:\/\/www.ctyrkolkykarlovyvary.cz\/index.php?rest_route=\/wp\/v2\/product"}],"about":[{"href":"https:\/\/www.ctyrkolkykarlovyvary.cz\/index.php?rest_route=\/wp\/v2\/types\/product"}],"wp:featuredmedia":[{"embeddable":true,"href":"https:\/\/www.ctyrkolkykarlovyvary.cz\/index.php?rest_route=\/wp\/v2\/media\/1776"}],"wp:attachment":[{"href":"https:\/\/www.ctyrkolkykarlovyvary.cz\/index.php?rest_route=%2Fwp%2Fv2%2Fmedia&parent=1775"}],"wp:term":[{"taxonomy":"product_cat","embeddable":true,"href":"https:\/\/www.ctyrkolkykarlovyvary.cz\/index.php?rest_route=%2Fwp%2Fv2%2Fproduct_cat&post=1775"},{"taxonomy":"product_tag","embeddable":true,"href":"https:\/\/www.ctyrkolkykarlovyvary.cz\/index.php?rest_route=%2Fwp%2Fv2%2Fproduct_tag&post=1775"}],"curies":[{"name":"wp","href":"https:\/\/api.w.org\/{rel}","templated":true}]}}