{"id":1706,"date":"2025-06-26T20:45:20","date_gmt":"2025-06-26T20:45:20","guid":{"rendered":"https:\/\/www.ctyrkolkykarlovyvary.cz\/?post_type=product&#038;p=1706"},"modified":"2025-06-26T21:01:28","modified_gmt":"2025-06-26T21:01:28","slug":"tgb-blade-600-ltx-led-max-eps-t3b-limited","status":"publish","type":"product","link":"https:\/\/www.ctyrkolkykarlovyvary.cz\/?product=tgb-blade-600-ltx-led-max-eps-t3b-limited","title":{"rendered":"TGB BLADE 600 LTX LED MAX EPS T3B LIMITED"},"content":{"rendered":"<p>U\u017eitkov\u00e1 \/ pracovn\u011b-rekrea\u010dn\u00ed \u010dty\u0159kolka s LED matrix sv\u011btlomety a Full-LED osv\u011btlen\u00edm, T3b homologace, barevn\u00fd TFT displej s bluetooth (BT) p\u0159ipojen\u00edm k telefonu, nov\u00e9 12&#8243; ALU disky, prodlou\u017een\u00fd podvozek, t\u0159\u00edre\u017eimov\u00fd posilova\u010d \u0159\u00edzen\u00ed EPS, kapalinou chlazen\u00fd jednov\u00e1lec 561 cm3 EFI, vylep\u0161en\u00e1 automatick\u00e1 L\/H\/N\/R p\u0159evodovka s japonsk\u00fdmi komponenty, brzd\u011bn\u00ed motorem, pohon 2&#215;4 \/ 4&#215;4 se dv\u011bma uzamykateln\u00fdmi diferenci\u00e1ly, 4x hydraulick\u00e1 kotou\u010dov\u00e1 brzda, panc\u00e9\u0159ovan\u00e9 brzdov\u00e9 hadi\u010dky, nez\u00e1visl\u00e1 dvojit\u00e1 A-ramena vp\u0159edu i vzadu, p\u0159edn\u00ed ochrann\u00fd r\u00e1m, ta\u017en\u00e9 za\u0159\u00edzen\u00ed, el. navij\u00e1k 3000 lbs, kompozitn\u00ed nosi\u010de zavazadel vp\u0159edu a vzadu, LED matrixov\u00e9 sv\u011btlomety, Full-LED osv\u011btlen\u00ed, chr\u00e1ni\u010de rukou na \u0159\u00edd\u00edtk\u00e1ch, samostatn\u00e9 sedadlo spolujezdce s op\u011brkou zad a madly, odn\u00edmateln\u00e1 m\u0159\u00ed\u017eka chladi\u010de, 12V z\u00e1suvka.<\/p>\n<p>&nbsp;<\/p>\n<p><iframe loading=\"lazy\" title=\"TGB Blade 1000i LTX MAX EPS 4x4\" width=\"800\" height=\"450\" src=\"https:\/\/www.youtube.com\/embed\/lAbs4KjfxMA?feature=oembed\" frameborder=\"0\" allow=\"accelerometer; autoplay; clipboard-write; encrypted-media; gyroscope; picture-in-picture; web-share\" referrerpolicy=\"strict-origin-when-cross-origin\" allowfullscreen><\/iframe><\/p>\n","protected":false},"excerpt":{"rendered":"<p>177.677 ,- K\u010d bez DPH<\/p>\n<p>&nbsp;<\/p>\n<p><strong>U\u017eitkov\u00e1 \/ pracovn\u011b-rekrea\u010dn\u00ed \u010dty\u0159kolka s Full-LED matrix sv\u011btlomety, zadn\u00edm EVO LED osv\u011btlen\u00edm s dynamick\u00fdm blinkrem, T3b homologace, barevn\u00fd TFT displej s bluetooth (BT) p\u0159ipojen\u00edm k telefonu, 14&#8243; \u010dern\u00e9 XTC ALU disky s barevn\u00fdmi paprsky<\/strong><\/p>\n","protected":false},"featured_media":887,"template":"","meta":[],"product_cat":[28],"product_tag":[],"class_list":{"0":"post-1706","1":"product","2":"type-product","3":"status-publish","4":"has-post-thumbnail","6":"product_cat-ctyrkolky-tgb","8":"first","9":"instock","10":"taxable","11":"shipping-taxable","12":"purchasable","13":"product-type-simple"},"_links":{"self":[{"href":"https:\/\/www.ctyrkolkykarlovyvary.cz\/index.php?rest_route=\/wp\/v2\/product\/1706","targetHints":{"allow":["GET"]}}],"collection":[{"href":"https:\/\/www.ctyrkolkykarlovyvary.cz\/index.php?rest_route=\/wp\/v2\/product"}],"about":[{"href":"https:\/\/www.ctyrkolkykarlovyvary.cz\/index.php?rest_route=\/wp\/v2\/types\/product"}],"wp:featuredmedia":[{"embeddable":true,"href":"https:\/\/www.ctyrkolkykarlovyvary.cz\/index.php?rest_route=\/wp\/v2\/media\/887"}],"wp:attachment":[{"href":"https:\/\/www.ctyrkolkykarlovyvary.cz\/index.php?rest_route=%2Fwp%2Fv2%2Fmedia&parent=1706"}],"wp:term":[{"taxonomy":"product_cat","embeddable":true,"href":"https:\/\/www.ctyrkolkykarlovyvary.cz\/index.php?rest_route=%2Fwp%2Fv2%2Fproduct_cat&post=1706"},{"taxonomy":"product_tag","embeddable":true,"href":"https:\/\/www.ctyrkolkykarlovyvary.cz\/index.php?rest_route=%2Fwp%2Fv2%2Fproduct_tag&post=1706"}],"curies":[{"name":"wp","href":"https:\/\/api.w.org\/{rel}","templated":true}]}}