{"id":1642,"date":"2024-12-10T10:14:29","date_gmt":"2024-12-10T10:14:29","guid":{"rendered":"https:\/\/www.ctyrkolkykarlovyvary.cz\/?post_type=product&#038;p=1642"},"modified":"2024-12-10T16:53:45","modified_gmt":"2024-12-10T16:53:45","slug":"linhai-atv-650l-landforce-pro-eps-efi-t3b-camo","status":"publish","type":"product","link":"https:\/\/www.ctyrkolkykarlovyvary.cz\/?product=linhai-atv-650l-landforce-pro-eps-efi-t3b-camo","title":{"rendered":"LINHAI ATV 650L LANDFORCE PRO EPS, EFI, T3B, CAMO"},"content":{"rendered":"<p>U\u017eitkov\u00e1 \/ pracovn\u011b-rekrea\u010dn\u00ed \u010dty\u0159kolka, T3b, dlouh\u00fd rozvor, vysokov\u00fdkonn\u00e9 Full-LED matrixov\u00e9 sv\u011btlomety, LED sv\u011btla pro denn\u00ed sv\u00edcen\u00ed, p\u0159edn\u00ed dynamick\u00e9 LED blinkry, kapalinou chlazen\u00fd jednov\u00e1lec 580 cm3, posilova\u010d \u0159\u00edzen\u00ed EPS, EFI, automatick\u00e1 p\u0159evodovka CVTech, L\/H\/N\/R\/P, pohon 2&#215;4 \/ 4&#215;4 s uz\u00e1v\u011brkou p\u0159edn\u00edho i zadn\u00edho diferenci\u00e1lu, plynokapalinov\u00e9 pln\u011b nastaviteln\u00e9 tlumi\u010de s odd\u011blenou n\u00e1dobkou nez\u00e1visl\u00e1 dvojit\u00e1 A-ramena, 4x kotou\u010dov\u00e1 brzda, ta\u017en\u00e9 za\u0159\u00edzen\u00ed, masivn\u00ed p\u0159edn\u00ed a zadn\u00ed ochrann\u00fd r\u00e1m, kompozitn\u00ed nosi\u010de vp\u0159edu a vzadu, El. navij\u00e1k 3000lbs s nylonov\u00fdm lanem a d\u00e1lkov\u00fdm ovl\u00e1d\u00e1n\u00edm, 14&#8243; ALU kola se syst\u00e9mem Beadlock, 26&#8243; pneumatiky Bulldog, hlin\u00edkov\u00e9 protiskluzov\u00e9 stupa\u010dky \u0159idi\u010de a spolujezdce, dvoubarevn\u011b pro\u0161\u00edvan\u00e1 seda\u010dka spolujezdce a op\u011brka zad, barevn\u011b lakovan\u00e1 A-ramena a pru\u017einy.<\/p>\n","protected":false},"excerpt":{"rendered":"<p>152.884 ,- K\u010d bez DPH<\/p>\n<p>&nbsp;<\/p>\n<div class=\"woocommerce-product-details__short-description\">\n<p><strong>U\u017eitkov\u00e1 \/ pracovn\u011b-rekrea\u010dn\u00ed \u010dty\u0159kolka, T3b, dlouh\u00fd rozvor, vysokov\u00fdkonn\u00e9 Full-LED matrixov\u00e9 sv\u011btlomety, LED sv\u011btla pro denn\u00ed sv\u00edcen\u00ed, p\u0159edn\u00ed dynamick\u00e9 LED blinkry, kapalinou chlazen\u00fd jednov\u00e1lec 580 cm3, posilova\u010d \u0159\u00edzen\u00ed EPS, EFI, automatick\u00e1 p\u0159evodovka CVTech<\/strong><\/p>\n<\/div>\n","protected":false},"featured_media":1643,"template":"","meta":[],"product_cat":[29],"product_tag":[],"class_list":{"0":"post-1642","1":"product","2":"type-product","3":"status-publish","4":"has-post-thumbnail","6":"product_cat-ctyrkolky-linhai","8":"first","9":"instock","10":"taxable","11":"shipping-taxable","12":"purchasable","13":"product-type-simple"},"_links":{"self":[{"href":"https:\/\/www.ctyrkolkykarlovyvary.cz\/index.php?rest_route=\/wp\/v2\/product\/1642","targetHints":{"allow":["GET"]}}],"collection":[{"href":"https:\/\/www.ctyrkolkykarlovyvary.cz\/index.php?rest_route=\/wp\/v2\/product"}],"about":[{"href":"https:\/\/www.ctyrkolkykarlovyvary.cz\/index.php?rest_route=\/wp\/v2\/types\/product"}],"wp:featuredmedia":[{"embeddable":true,"href":"https:\/\/www.ctyrkolkykarlovyvary.cz\/index.php?rest_route=\/wp\/v2\/media\/1643"}],"wp:attachment":[{"href":"https:\/\/www.ctyrkolkykarlovyvary.cz\/index.php?rest_route=%2Fwp%2Fv2%2Fmedia&parent=1642"}],"wp:term":[{"taxonomy":"product_cat","embeddable":true,"href":"https:\/\/www.ctyrkolkykarlovyvary.cz\/index.php?rest_route=%2Fwp%2Fv2%2Fproduct_cat&post=1642"},{"taxonomy":"product_tag","embeddable":true,"href":"https:\/\/www.ctyrkolkykarlovyvary.cz\/index.php?rest_route=%2Fwp%2Fv2%2Fproduct_tag&post=1642"}],"curies":[{"name":"wp","href":"https:\/\/api.w.org\/{rel}","templated":true}]}}