{"id":1491,"date":"2024-02-12T11:43:29","date_gmt":"2024-02-12T11:43:29","guid":{"rendered":"https:\/\/www.ctyrkolkykarlovyvary.cz\/?post_type=product&#038;p=1491"},"modified":"2025-08-03T08:16:09","modified_gmt":"2025-08-03T08:16:09","slug":"segway-fugleman-ut10-crew-e-t1b-black-green","status":"publish","type":"product","link":"https:\/\/www.ctyrkolkykarlovyvary.cz\/?product=segway-fugleman-ut10-crew-e-t1b-black-green","title":{"rendered":"SEGWAY FUGLEMAN UT10 CREW E, T1B, BLACK\/GREEN"},"content":{"rendered":"<p><strong>Prostorn\u00e1 pracovn\u00ed UTV a\u017e pro 6 osob, \u010dty\u0159taktn\u00ed dvouv\u00e1lec DOHC 1000 cm3 EFI, 105 k, automatick\u00e1 p\u0159evodovka P\/R\/N\/L\/H, elektrick\u00fd posilova\u010d \u0159\u00edzen\u00ed EPS, pohon 4&#215;4 s uz\u00e1v\u011brkou diferenci\u00e1lu, dvojit\u00e1 A-ramena vp\u0159edu \/ dvojit\u00e1 A-ramena se stabiliz\u00e1torem vzadu, hydraulick\u00e9 tlumi\u010de s progresivn\u00edmi pru\u017einami, skl\u00e1p\u011bc\u00ed korba, elektrick\u00fd navij\u00e1k 4500 lbs, ta\u017en\u00e9 za\u0159\u00edzen\u00ed, anatomicky tvarovan\u00e1 sedadla s hlavovou op\u011brkou, digit\u00e1ln\u00ed p\u0159\u00edstrojov\u00e1 deska, p\u0159edn\u00ed, zadn\u00ed ochrann\u00e9 r\u00e1my, 14&#8243; hlin\u00edkov\u00e9 disky s 27&#8243; pneu<\/strong><\/p>\n<p><img loading=\"lazy\" decoding=\"async\" class=\"alignnone  wp-image-1727\" src=\"https:\/\/www.ctyrkolkykarlovyvary.cz\/wp-content\/uploads\/2023\/10\/ut10-crew-navimow-a4_CZ-212x300.jpg\" alt=\"\" width=\"278\" height=\"393\" srcset=\"https:\/\/www.ctyrkolkykarlovyvary.cz\/wp-content\/uploads\/2023\/10\/ut10-crew-navimow-a4_CZ-212x300.jpg 212w, https:\/\/www.ctyrkolkykarlovyvary.cz\/wp-content\/uploads\/2023\/10\/ut10-crew-navimow-a4_CZ-724x1024.jpg 724w, https:\/\/www.ctyrkolkykarlovyvary.cz\/wp-content\/uploads\/2023\/10\/ut10-crew-navimow-a4_CZ-768x1086.jpg 768w, https:\/\/www.ctyrkolkykarlovyvary.cz\/wp-content\/uploads\/2023\/10\/ut10-crew-navimow-a4_CZ-1086x1536.jpg 1086w, https:\/\/www.ctyrkolkykarlovyvary.cz\/wp-content\/uploads\/2023\/10\/ut10-crew-navimow-a4_CZ-1320x1867.jpg 1320w, https:\/\/www.ctyrkolkykarlovyvary.cz\/wp-content\/uploads\/2023\/10\/ut10-crew-navimow-a4_CZ-300x424.jpg 300w, https:\/\/www.ctyrkolkykarlovyvary.cz\/wp-content\/uploads\/2023\/10\/ut10-crew-navimow-a4_CZ-600x849.jpg 600w, https:\/\/www.ctyrkolkykarlovyvary.cz\/wp-content\/uploads\/2023\/10\/ut10-crew-navimow-a4_CZ.jpg 1414w\" sizes=\"auto, (max-width: 278px) 100vw, 278px\" \/><\/p>\n","protected":false},"excerpt":{"rendered":"<p><strong>371,892 K\u010d bez DPH<\/strong><\/p>\n<p>&nbsp;<\/p>\n<p><strong>Prostorn\u00e1 pracovn\u00ed UTV a\u017e pro 6 osob, \u010dty\u0159taktn\u00ed dvouv\u00e1lec DOHC 1000 cm3 EFI, 105 k, automatick\u00e1 p\u0159evodovka P\/R\/N\/L\/H, elektrick\u00fd posilova\u010d \u0159\u00edzen\u00ed EPS<\/strong><\/p>\n<p>&nbsp;<\/p>\n","protected":false},"featured_media":1494,"template":"","meta":[],"product_cat":[27],"product_tag":[],"class_list":{"0":"post-1491","1":"product","2":"type-product","3":"status-publish","4":"has-post-thumbnail","6":"product_cat-ctyrkolky-segway","8":"first","9":"instock","10":"taxable","11":"shipping-taxable","12":"purchasable","13":"product-type-simple"},"_links":{"self":[{"href":"https:\/\/www.ctyrkolkykarlovyvary.cz\/index.php?rest_route=\/wp\/v2\/product\/1491","targetHints":{"allow":["GET"]}}],"collection":[{"href":"https:\/\/www.ctyrkolkykarlovyvary.cz\/index.php?rest_route=\/wp\/v2\/product"}],"about":[{"href":"https:\/\/www.ctyrkolkykarlovyvary.cz\/index.php?rest_route=\/wp\/v2\/types\/product"}],"wp:featuredmedia":[{"embeddable":true,"href":"https:\/\/www.ctyrkolkykarlovyvary.cz\/index.php?rest_route=\/wp\/v2\/media\/1494"}],"wp:attachment":[{"href":"https:\/\/www.ctyrkolkykarlovyvary.cz\/index.php?rest_route=%2Fwp%2Fv2%2Fmedia&parent=1491"}],"wp:term":[{"taxonomy":"product_cat","embeddable":true,"href":"https:\/\/www.ctyrkolkykarlovyvary.cz\/index.php?rest_route=%2Fwp%2Fv2%2Fproduct_cat&post=1491"},{"taxonomy":"product_tag","embeddable":true,"href":"https:\/\/www.ctyrkolkykarlovyvary.cz\/index.php?rest_route=%2Fwp%2Fv2%2Fproduct_tag&post=1491"}],"curies":[{"name":"wp","href":"https:\/\/api.w.org\/{rel}","templated":true}]}}