{"id":1170,"date":"2023-10-25T17:48:02","date_gmt":"2023-10-25T17:48:02","guid":{"rendered":"https:\/\/www.ctyrkolkykarlovyvary.cz\/?post_type=product&#038;p=1170"},"modified":"2024-01-11T12:15:59","modified_gmt":"2024-01-11T12:15:59","slug":"linhai-t-boss-570-eps-t1b-sand-kopirovat","status":"publish","type":"product","link":"https:\/\/www.ctyrkolkykarlovyvary.cz\/?product=linhai-t-boss-570-eps-t1b-sand-kopirovat","title":{"rendered":"LINHAI UTV 1100 DIESEL EPS, T1B, B\u00cdL\u00c1"},"content":{"rendered":"<p><strong>Pracovn\u00ed UTV T1b, kapalinou chlazen\u00fd jednov\u00e1lec 499,5 cm3, automatick\u00e1 p\u0159evodovka CVTech, L\/H\/N\/R\/P, pohon 2&#215;4 \/ 4&#215;4 elektricky p\u0159ep\u00ednateln\u00fd, elektrick\u00fd posilova\u010d \u0159\u00edzen\u00ed EPS, skl\u00e1p\u011bc\u00ed korba, zav\u011b\u0161en\u00ed: nez\u00e1visl\u00e1 dvojit\u00e1 A-ramena vp\u0159edu i vzadu, 4x hydraulick\u00e1 kotou\u010dov\u00e1 brzda, ta\u017en\u00e9 za\u0159\u00edzen\u00ed, p\u0159edn\u00ed ochrann\u00fd r\u00e1m, el. navij\u00e1k 3000 lbs s d\u00e1lkov\u00fdm ovl\u00e1d\u00e1n\u00edm, dvojit\u00e9 projektorov\u00e9 sv\u011btlomety, LED osv\u011btlen\u00ed vzadu, ALU disky<\/strong><\/p>\n<p>&nbsp;<\/p>\n<p><iframe loading=\"lazy\" title=\"LINHAI UTV 1100 DIESEL\" width=\"800\" height=\"450\" src=\"https:\/\/www.youtube.com\/embed\/vrJtQnhKyNQ?feature=oembed\" frameborder=\"0\" allow=\"accelerometer; autoplay; clipboard-write; encrypted-media; gyroscope; picture-in-picture; web-share\" allowfullscreen><\/iframe><\/p>\n","protected":false},"excerpt":{"rendered":"<p>305.777 ,- K\u010d bez DPH<\/p>\n<p>&nbsp;<\/p>\n<div class=\"woocommerce-product-details__short-description\">\n<p><strong>Pracovn\u00ed UTV T1b, diesel, kapalinou chlazen\u00fd japonsk\u00fd t\u0159\u00edv\u00e1lec Kubota 1100 cm3, automatick\u00e1 p\u0159evodovka CVTech, L\/H\/N\/R + motorov\u00e1 brzda, pohon 2&#215;4 \/ 4&#215;4, elektricky uzamykateln\u00e9 diferenci\u00e1ly vp\u0159edu i vzadu<\/strong><\/p>\n<\/div>\n","protected":false},"featured_media":1172,"template":"","meta":[],"product_cat":[29],"product_tag":[],"class_list":{"0":"post-1170","1":"product","2":"type-product","3":"status-publish","4":"has-post-thumbnail","6":"product_cat-ctyrkolky-linhai","8":"first","9":"instock","10":"taxable","11":"shipping-taxable","12":"purchasable","13":"product-type-simple"},"_links":{"self":[{"href":"https:\/\/www.ctyrkolkykarlovyvary.cz\/index.php?rest_route=\/wp\/v2\/product\/1170","targetHints":{"allow":["GET"]}}],"collection":[{"href":"https:\/\/www.ctyrkolkykarlovyvary.cz\/index.php?rest_route=\/wp\/v2\/product"}],"about":[{"href":"https:\/\/www.ctyrkolkykarlovyvary.cz\/index.php?rest_route=\/wp\/v2\/types\/product"}],"wp:featuredmedia":[{"embeddable":true,"href":"https:\/\/www.ctyrkolkykarlovyvary.cz\/index.php?rest_route=\/wp\/v2\/media\/1172"}],"wp:attachment":[{"href":"https:\/\/www.ctyrkolkykarlovyvary.cz\/index.php?rest_route=%2Fwp%2Fv2%2Fmedia&parent=1170"}],"wp:term":[{"taxonomy":"product_cat","embeddable":true,"href":"https:\/\/www.ctyrkolkykarlovyvary.cz\/index.php?rest_route=%2Fwp%2Fv2%2Fproduct_cat&post=1170"},{"taxonomy":"product_tag","embeddable":true,"href":"https:\/\/www.ctyrkolkykarlovyvary.cz\/index.php?rest_route=%2Fwp%2Fv2%2Fproduct_tag&post=1170"}],"curies":[{"name":"wp","href":"https:\/\/api.w.org\/{rel}","templated":true}]}}