{"id":1141,"date":"2023-10-25T17:32:28","date_gmt":"2023-10-25T17:32:28","guid":{"rendered":"https:\/\/www.ctyrkolkykarlovyvary.cz\/?post_type=product&#038;p=1141"},"modified":"2024-01-11T11:58:15","modified_gmt":"2024-01-11T11:58:15","slug":"linhai-m210-2x4-efi-t3b","status":"publish","type":"product","link":"https:\/\/www.ctyrkolkykarlovyvary.cz\/?product=linhai-m210-2x4-efi-t3b","title":{"rendered":"LINHAI M210 2X4 EFI T3B"},"content":{"rendered":"<p><strong>Kompaktn\u00ed u\u017eitkov\u00e1 \/ rekrea\u010dn\u00ed \u010dty\u0159kolka, T3b, vzduchem chlazen\u00fd jednov\u00e1lec 177,3 cm3,EFI, automatick\u00e1 p\u0159evodovka F\/N\/R, pohon 2&#215;4, koncov\u00fd p\u0159evod \u0159et\u011bzem, dvojit\u00e1 A-ramena vp\u0159edu, kyvn\u00e1 vidlice + pevn\u00e1 osa vzadu, hydraulick\u00e9 kotou\u010dov\u00e9 brzdy, p\u0159edn\u00ed ochrann\u00fd r\u00e1m, ocelov\u00e9 nosi\u010de vp\u0159edu a vzadu, LED denn\u00ed sv\u00edcen\u00ed, zadn\u00ed LED osv\u011btlen\u00ed, ocelov\u00e9 disky<\/strong><\/p>\n<p>&nbsp;<\/p>\n<p><iframe loading=\"lazy\" title=\"LINHAI M570L EPS 4X4\" width=\"800\" height=\"450\" src=\"https:\/\/www.youtube.com\/embed\/nRmM8HrN6SY?feature=oembed\" frameborder=\"0\" allow=\"accelerometer; autoplay; clipboard-write; encrypted-media; gyroscope; picture-in-picture; web-share\" allowfullscreen><\/iframe><\/p>\n","protected":false},"excerpt":{"rendered":"<p>57.842 ,- K\u010d bez DPH<\/p>\n<p>&nbsp;<\/p>\n<div class=\"woocommerce-product-details__short-description\">\n<p><strong>Kompaktn\u00ed u\u017eitkov\u00e1 \/ rekrea\u010dn\u00ed \u010dty\u0159kolka, T3b, vzduchem chlazen\u00fd jednov\u00e1lec 177,3 cm3,EFI, automatick\u00e1 p\u0159evodovka F\/N\/R, pohon 2&#215;4, koncov\u00fd p\u0159evod \u0159et\u011bzem<\/strong><\/p>\n<\/div>\n","protected":false},"featured_media":1151,"template":"","meta":[],"product_cat":[29],"product_tag":[],"class_list":{"0":"post-1141","1":"product","2":"type-product","3":"status-publish","4":"has-post-thumbnail","6":"product_cat-ctyrkolky-linhai","8":"first","9":"instock","10":"taxable","11":"shipping-taxable","12":"purchasable","13":"product-type-simple"},"_links":{"self":[{"href":"https:\/\/www.ctyrkolkykarlovyvary.cz\/index.php?rest_route=\/wp\/v2\/product\/1141","targetHints":{"allow":["GET"]}}],"collection":[{"href":"https:\/\/www.ctyrkolkykarlovyvary.cz\/index.php?rest_route=\/wp\/v2\/product"}],"about":[{"href":"https:\/\/www.ctyrkolkykarlovyvary.cz\/index.php?rest_route=\/wp\/v2\/types\/product"}],"wp:featuredmedia":[{"embeddable":true,"href":"https:\/\/www.ctyrkolkykarlovyvary.cz\/index.php?rest_route=\/wp\/v2\/media\/1151"}],"wp:attachment":[{"href":"https:\/\/www.ctyrkolkykarlovyvary.cz\/index.php?rest_route=%2Fwp%2Fv2%2Fmedia&parent=1141"}],"wp:term":[{"taxonomy":"product_cat","embeddable":true,"href":"https:\/\/www.ctyrkolkykarlovyvary.cz\/index.php?rest_route=%2Fwp%2Fv2%2Fproduct_cat&post=1141"},{"taxonomy":"product_tag","embeddable":true,"href":"https:\/\/www.ctyrkolkykarlovyvary.cz\/index.php?rest_route=%2Fwp%2Fv2%2Fproduct_tag&post=1141"}],"curies":[{"name":"wp","href":"https:\/\/api.w.org\/{rel}","templated":true}]}}