{"id":1068,"date":"2023-10-25T14:29:36","date_gmt":"2023-10-25T14:29:36","guid":{"rendered":"https:\/\/www.ctyrkolkykarlovyvary.cz\/?post_type=product&#038;p=1068"},"modified":"2024-01-11T11:40:35","modified_gmt":"2024-01-11T11:40:35","slug":"linhai-atv-420-promax-efit3b","status":"publish","type":"product","link":"https:\/\/www.ctyrkolkykarlovyvary.cz\/?product=linhai-atv-420-promax-efit3b","title":{"rendered":"LINHAI ATV 420 PROMAX EFI,T3B"},"content":{"rendered":"<p><strong>U\u017eitkov\u00e1 \/ pracovn\u011b-rekrea\u010dn\u00ed \u010dty\u0159kolka T3b, nov\u00fd design 2022, vysokov\u00fdkonn\u00e9 Full-LED matrixov\u00e9 sv\u011btlomety, LED sv\u011btla pro denn\u00ed sv\u00edcen\u00ed, p\u0159edn\u00ed dynamick\u00e9 LED blinkry, kapalinou chlazen\u00fd jednov\u00e1lec 352 cm3, EFI, automatick\u00e1 p\u0159evodovka CVTech, L\/H\/N\/R, pohon 2&#215;4 \/ 4&#215;4, p\u0159edn\u00ed zav\u011b\u0161en\u00ed McPherson, zadn\u00ed dvojit\u00e1 A-ramena, 3x kotou\u010dov\u00e1 brzda, p\u0159edn\u00ed ochrann\u00fd r\u00e1m, kompozitn\u00ed nosi\u010de vp\u0159edu a vzadu, el. navij\u00e1k s d\u00e1lkov\u00fdm ovl\u00e1d\u00e1n\u00edm, ALU disky<\/strong><\/p>\n<p>&nbsp;<\/p>\n<p><iframe loading=\"lazy\" title=\"LINHAI ATV 570 PROMAX 4X4\" width=\"800\" height=\"450\" src=\"https:\/\/www.youtube.com\/embed\/aPGGbThgD38?feature=oembed\" frameborder=\"0\" allow=\"accelerometer; autoplay; clipboard-write; encrypted-media; gyroscope; picture-in-picture; web-share\" allowfullscreen><\/iframe><\/p>\n","protected":false},"excerpt":{"rendered":"<p>86.769 ,- K\u010d bez DPH<\/p>\n<p>&nbsp;<\/p>\n<div class=\"woocommerce-product-details__short-description\">\n<p><strong>U\u017eitkov\u00e1 \/ pracovn\u011b-rekrea\u010dn\u00ed \u010dty\u0159kolka T3b, nov\u00fd design 2022, vysokov\u00fdkonn\u00e9 Full-LED matrixov\u00e9 sv\u011btlomety, LED sv\u011btla pro denn\u00ed sv\u00edcen\u00ed, p\u0159edn\u00ed dynamick\u00e9 LED blinkry, kapalinou chlazen\u00fd jednov\u00e1lec 352 cm3<\/strong><\/p>\n<\/div>\n","protected":false},"featured_media":1072,"template":"","meta":[],"product_cat":[29],"product_tag":[],"class_list":{"0":"post-1068","1":"product","2":"type-product","3":"status-publish","4":"has-post-thumbnail","6":"product_cat-ctyrkolky-linhai","8":"first","9":"instock","10":"taxable","11":"shipping-taxable","12":"purchasable","13":"product-type-simple"},"_links":{"self":[{"href":"https:\/\/www.ctyrkolkykarlovyvary.cz\/index.php?rest_route=\/wp\/v2\/product\/1068","targetHints":{"allow":["GET"]}}],"collection":[{"href":"https:\/\/www.ctyrkolkykarlovyvary.cz\/index.php?rest_route=\/wp\/v2\/product"}],"about":[{"href":"https:\/\/www.ctyrkolkykarlovyvary.cz\/index.php?rest_route=\/wp\/v2\/types\/product"}],"wp:featuredmedia":[{"embeddable":true,"href":"https:\/\/www.ctyrkolkykarlovyvary.cz\/index.php?rest_route=\/wp\/v2\/media\/1072"}],"wp:attachment":[{"href":"https:\/\/www.ctyrkolkykarlovyvary.cz\/index.php?rest_route=%2Fwp%2Fv2%2Fmedia&parent=1068"}],"wp:term":[{"taxonomy":"product_cat","embeddable":true,"href":"https:\/\/www.ctyrkolkykarlovyvary.cz\/index.php?rest_route=%2Fwp%2Fv2%2Fproduct_cat&post=1068"},{"taxonomy":"product_tag","embeddable":true,"href":"https:\/\/www.ctyrkolkykarlovyvary.cz\/index.php?rest_route=%2Fwp%2Fv2%2Fproduct_tag&post=1068"}],"curies":[{"name":"wp","href":"https:\/\/api.w.org\/{rel}","templated":true}]}}