{"id":26,"date":"2023-08-27T19:26:59","date_gmt":"2023-08-27T19:26:59","guid":{"rendered":"http:\/\/www.ctyrkolkykarlovyvary.cz\/?page_id=26"},"modified":"2023-10-25T13:57:00","modified_gmt":"2023-10-25T13:57:00","slug":"o-nas","status":"publish","type":"page","link":"https:\/\/www.ctyrkolkykarlovyvary.cz\/?page_id=26","title":{"rendered":"O n\u00e1s"},"content":{"rendered":"\t\t<div data-elementor-type=\"wp-page\" data-elementor-id=\"26\" class=\"elementor elementor-26\" data-elementor-post-type=\"page\">\n\t\t\t\t\t\t\t\t\t<section class=\"elementor-section elementor-top-section elementor-element elementor-element-f3eaeb4 elementor-section-boxed elementor-section-height-default elementor-section-height-default\" data-id=\"f3eaeb4\" data-element_type=\"section\">\n\t\t\t\t\t\t<div class=\"elementor-container elementor-column-gap-default\">\n\t\t\t\t\t<div class=\"elementor-column elementor-col-100 elementor-top-column elementor-element elementor-element-bc78f25\" data-id=\"bc78f25\" data-element_type=\"column\">\n\t\t\t<div class=\"elementor-widget-wrap elementor-element-populated\">\n\t\t\t\t\t\t\t\t<div class=\"elementor-element elementor-element-d1eefb3 elementor-widget elementor-widget-spacer\" data-id=\"d1eefb3\" data-element_type=\"widget\" data-widget_type=\"spacer.default\">\n\t\t\t\t<div class=\"elementor-widget-container\">\n\t\t\t<style>\/*! elementor - v3.15.0 - 20-08-2023 *\/\n.elementor-column .elementor-spacer-inner{height:var(--spacer-size)}.e-con{--container-widget-width:100%}.e-con-inner>.elementor-widget-spacer,.e-con>.elementor-widget-spacer{width:var(--container-widget-width,var(--spacer-size));--align-self:var(--container-widget-align-self,initial);--flex-shrink:0}.e-con-inner>.elementor-widget-spacer>.elementor-widget-container,.e-con-inner>.elementor-widget-spacer>.elementor-widget-container>.elementor-spacer,.e-con>.elementor-widget-spacer>.elementor-widget-container,.e-con>.elementor-widget-spacer>.elementor-widget-container>.elementor-spacer{height:100%}.e-con-inner>.elementor-widget-spacer>.elementor-widget-container>.elementor-spacer>.elementor-spacer-inner,.e-con>.elementor-widget-spacer>.elementor-widget-container>.elementor-spacer>.elementor-spacer-inner{height:var(--container-widget-height,var(--spacer-size))}<\/style>\t\t<div class=\"elementor-spacer\">\n\t\t\t<div class=\"elementor-spacer-inner\"><\/div>\n\t\t<\/div>\n\t\t\t\t<\/div>\n\t\t\t\t<\/div>\n\t\t\t\t\t<\/div>\n\t\t<\/div>\n\t\t\t\t\t\t\t<\/div>\n\t\t<\/section>\n\t\t\t\t<section class=\"elementor-section elementor-top-section elementor-element elementor-element-6d08f94 elementor-section-boxed elementor-section-height-default elementor-section-height-default\" data-id=\"6d08f94\" data-element_type=\"section\">\n\t\t\t\t\t\t<div class=\"elementor-container elementor-column-gap-default\">\n\t\t\t\t\t<div class=\"elementor-column elementor-col-100 elementor-top-column elementor-element elementor-element-33e614b\" data-id=\"33e614b\" data-element_type=\"column\">\n\t\t\t<div class=\"elementor-widget-wrap elementor-element-populated\">\n\t\t\t\t\t\t\t\t<div class=\"elementor-element elementor-element-b6065e9 elementor-widget elementor-widget-heading\" data-id=\"b6065e9\" data-element_type=\"widget\" data-widget_type=\"heading.default\">\n\t\t\t\t<div class=\"elementor-widget-container\">\n\t\t\t<style>\/*! elementor - v3.15.0 - 20-08-2023 *\/\n.elementor-heading-title{padding:0;margin:0;line-height:1}.elementor-widget-heading .elementor-heading-title[class*=elementor-size-]>a{color:inherit;font-size:inherit;line-height:inherit}.elementor-widget-heading .elementor-heading-title.elementor-size-small{font-size:15px}.elementor-widget-heading .elementor-heading-title.elementor-size-medium{font-size:19px}.elementor-widget-heading .elementor-heading-title.elementor-size-large{font-size:29px}.elementor-widget-heading .elementor-heading-title.elementor-size-xl{font-size:39px}.elementor-widget-heading .elementor-heading-title.elementor-size-xxl{font-size:59px}<\/style><h2 class=\"elementor-heading-title elementor-size-default\">AUTO TYP\nPAVEL RAKOVEC<\/h2>\t\t<\/div>\n\t\t\t\t<\/div>\n\t\t\t\t\t<\/div>\n\t\t<\/div>\n\t\t\t\t\t\t\t<\/div>\n\t\t<\/section>\n\t\t\t\t<section class=\"elementor-section elementor-top-section elementor-element elementor-element-00a389c elementor-section-boxed elementor-section-height-default elementor-section-height-default\" data-id=\"00a389c\" data-element_type=\"section\">\n\t\t\t\t\t\t<div class=\"elementor-container elementor-column-gap-default\">\n\t\t\t\t\t<div class=\"elementor-column elementor-col-100 elementor-top-column elementor-element elementor-element-3a16a98\" data-id=\"3a16a98\" data-element_type=\"column\">\n\t\t\t<div class=\"elementor-widget-wrap elementor-element-populated\">\n\t\t\t\t\t\t\t\t<div class=\"elementor-element elementor-element-81c297f elementor-widget elementor-widget-spacer\" data-id=\"81c297f\" data-element_type=\"widget\" data-widget_type=\"spacer.default\">\n\t\t\t\t<div class=\"elementor-widget-container\">\n\t\t\t\t\t<div class=\"elementor-spacer\">\n\t\t\t<div class=\"elementor-spacer-inner\"><\/div>\n\t\t<\/div>\n\t\t\t\t<\/div>\n\t\t\t\t<\/div>\n\t\t\t\t\t<\/div>\n\t\t<\/div>\n\t\t\t\t\t\t\t<\/div>\n\t\t<\/section>\n\t\t\t\t<section class=\"elementor-section elementor-top-section elementor-element elementor-element-5e49df0 elementor-section-boxed elementor-section-height-default elementor-section-height-default\" data-id=\"5e49df0\" data-element_type=\"section\">\n\t\t\t\t\t\t<div class=\"elementor-container elementor-column-gap-default\">\n\t\t\t\t\t<div class=\"elementor-column elementor-col-50 elementor-top-column elementor-element elementor-element-fdc2fa1\" data-id=\"fdc2fa1\" data-element_type=\"column\">\n\t\t\t<div class=\"elementor-widget-wrap elementor-element-populated\">\n\t\t\t\t\t\t\t\t<div class=\"elementor-element elementor-element-6de0848 elementor-widget elementor-widget-image\" data-id=\"6de0848\" data-element_type=\"widget\" data-widget_type=\"image.default\">\n\t\t\t\t<div class=\"elementor-widget-container\">\n\t\t\t<style>\/*! elementor - v3.15.0 - 20-08-2023 *\/\n.elementor-widget-image{text-align:center}.elementor-widget-image a{display:inline-block}.elementor-widget-image a img[src$=\".svg\"]{width:48px}.elementor-widget-image img{vertical-align:middle;display:inline-block}<\/style>\t\t\t\t\t\t\t\t\t\t\t\t<img loading=\"lazy\" decoding=\"async\" width=\"1536\" height=\"804\" src=\"https:\/\/www.ctyrkolkykarlovyvary.cz\/wp-content\/uploads\/2023\/10\/autosalon-1-1536x804.jpg\" class=\"attachment-1536x1536 size-1536x1536 wp-image-908\" alt=\"\" srcset=\"https:\/\/www.ctyrkolkykarlovyvary.cz\/wp-content\/uploads\/2023\/10\/autosalon-1-1536x804.jpg 1536w, https:\/\/www.ctyrkolkykarlovyvary.cz\/wp-content\/uploads\/2023\/10\/autosalon-1-300x157.jpg 300w, https:\/\/www.ctyrkolkykarlovyvary.cz\/wp-content\/uploads\/2023\/10\/autosalon-1-1024x536.jpg 1024w, https:\/\/www.ctyrkolkykarlovyvary.cz\/wp-content\/uploads\/2023\/10\/autosalon-1-768x402.jpg 768w, https:\/\/www.ctyrkolkykarlovyvary.cz\/wp-content\/uploads\/2023\/10\/autosalon-1-1320x691.jpg 1320w, https:\/\/www.ctyrkolkykarlovyvary.cz\/wp-content\/uploads\/2023\/10\/autosalon-1-600x314.jpg 600w, https:\/\/www.ctyrkolkykarlovyvary.cz\/wp-content\/uploads\/2023\/10\/autosalon-1.jpg 1593w\" sizes=\"auto, (max-width: 1536px) 100vw, 1536px\" \/>\t\t\t\t\t\t\t\t\t\t\t\t\t\t\t<\/div>\n\t\t\t\t<\/div>\n\t\t\t\t\t<\/div>\n\t\t<\/div>\n\t\t\t\t<div class=\"elementor-column elementor-col-50 elementor-top-column elementor-element elementor-element-6448dc4\" data-id=\"6448dc4\" data-element_type=\"column\">\n\t\t\t<div class=\"elementor-widget-wrap elementor-element-populated\">\n\t\t\t\t\t\t\t\t<div class=\"elementor-element elementor-element-9b37ebe elementor-widget elementor-widget-text-editor\" data-id=\"9b37ebe\" data-element_type=\"widget\" data-widget_type=\"text-editor.default\">\n\t\t\t\t<div class=\"elementor-widget-container\">\n\t\t\t<style>\/*! elementor - v3.15.0 - 20-08-2023 *\/\n.elementor-widget-text-editor.elementor-drop-cap-view-stacked .elementor-drop-cap{background-color:#69727d;color:#fff}.elementor-widget-text-editor.elementor-drop-cap-view-framed .elementor-drop-cap{color:#69727d;border:3px solid;background-color:transparent}.elementor-widget-text-editor:not(.elementor-drop-cap-view-default) .elementor-drop-cap{margin-top:8px}.elementor-widget-text-editor:not(.elementor-drop-cap-view-default) .elementor-drop-cap-letter{width:1em;height:1em}.elementor-widget-text-editor .elementor-drop-cap{float:left;text-align:center;line-height:1;font-size:50px}.elementor-widget-text-editor .elementor-drop-cap-letter{display:inline-block}<\/style>\t\t\t\t<h2 class=\"-wm-MsoNormal\"><strong>Nab\u00edz\u00edme V\u00e1m v\u00edce jak t\u0159icetiletou zku\u0161enost s\u00a0prodejem a opravami vozidel<\/strong>.\u00a0<\/h2><p class=\"-wm-MsoNormal\">Na trhu p\u016fsob\u00edme ji\u017e od roku 1991. Pat\u0159\u00edme mezi prvn\u00ed prodejce vozidel zna\u010dky <b>HYUNDAI v \u010cR<\/b>. V\u00a0sou\u010dasn\u00e9 dob\u011b prov\u00e1d\u00edme servis a opravy vozidel v\u0161ech zna\u010dek. Nyn\u00ed jsme pro V\u00e1s na\u0161i \u010dinnost roz\u0161\u00ed\u0159ili o\u00a0<b>prodej a servis \u010dty\u0159kolek<\/b> zna\u010dky <b>SEGWAY, LINHAI A TGB<\/b>\u00a0v\u010detn\u011b dopl\u0148k\u016f a p\u0159\u00edslu\u0161enstv\u00ed.<\/p><p class=\"-wm-MsoNormal\">T\u011b\u0161\u00edme se na Va\u0161i n\u00e1v\u0161t\u011bvu.\u00a0<\/p><h5 class=\"-wm-MsoNormal\">Pavel Rakovec a spol.<\/h5><p class=\"-wm-MsoNormal\">\u00a0<\/p>\t\t\t\t\t\t<\/div>\n\t\t\t\t<\/div>\n\t\t\t\t\t<\/div>\n\t\t<\/div>\n\t\t\t\t\t\t\t<\/div>\n\t\t<\/section>\n\t\t\t\t<section class=\"elementor-section elementor-top-section elementor-element elementor-element-76e40c4 elementor-section-boxed elementor-section-height-default elementor-section-height-default\" data-id=\"76e40c4\" data-element_type=\"section\">\n\t\t\t\t\t\t<div class=\"elementor-container elementor-column-gap-default\">\n\t\t\t\t\t<div class=\"elementor-column elementor-col-100 elementor-top-column elementor-element elementor-element-c7839fd\" data-id=\"c7839fd\" data-element_type=\"column\">\n\t\t\t<div class=\"elementor-widget-wrap elementor-element-populated\">\n\t\t\t\t\t\t\t\t<div class=\"elementor-element elementor-element-7d13104 elementor-widget elementor-widget-spacer\" data-id=\"7d13104\" data-element_type=\"widget\" data-widget_type=\"spacer.default\">\n\t\t\t\t<div class=\"elementor-widget-container\">\n\t\t\t\t\t<div class=\"elementor-spacer\">\n\t\t\t<div class=\"elementor-spacer-inner\"><\/div>\n\t\t<\/div>\n\t\t\t\t<\/div>\n\t\t\t\t<\/div>\n\t\t\t\t\t<\/div>\n\t\t<\/div>\n\t\t\t\t\t\t\t<\/div>\n\t\t<\/section>\n\t\t\t\t<section class=\"elementor-section elementor-top-section elementor-element elementor-element-b6a0518 elementor-section-boxed elementor-section-height-default elementor-section-height-default\" data-id=\"b6a0518\" data-element_type=\"section\">\n\t\t\t\t\t\t<div class=\"elementor-container elementor-column-gap-default\">\n\t\t\t\t\t<div class=\"elementor-column elementor-col-50 elementor-top-column elementor-element elementor-element-f2232cf\" data-id=\"f2232cf\" data-element_type=\"column\">\n\t\t\t<div class=\"elementor-widget-wrap elementor-element-populated\">\n\t\t\t\t\t\t\t\t<div class=\"elementor-element elementor-element-47d88bc elementor-widget elementor-widget-text-editor\" data-id=\"47d88bc\" data-element_type=\"widget\" data-widget_type=\"text-editor.default\">\n\t\t\t\t<div class=\"elementor-widget-container\">\n\t\t\t\t\t\t\t<h2><strong>SERVIS<\/strong><\/h2><p>P\u00e9\u010de o\u00a0z\u00e1kazn\u00edka u\u00a0n\u00e1s nekon\u010d\u00ed prodejem. Po celou dobu u\u017e\u00edv\u00e1n\u00ed Va\u0161eho stroje &#8211; auta \u010di \u010dty\u0159kolky &#8211; V\u00e1m zajist\u00edme profesion\u00e1ln\u00ed p\u00e9\u010di &#8211;\u00a0a\u0165 u\u017e jde o\u00a0pravideln\u00e9 prohl\u00eddky, z\u00e1ru\u010dn\u00ed nebo i poz\u00e1ru\u010dn\u00ed opravy, nebo p\u0159\u00edpravu na sez\u00f3nu.\u00a0Klademe d\u016fraz na vysokou kvalitu a profesionalitu. S\u00a0origin\u00e1ln\u00edmi d\u00edly m\u00e1te jistotu, \u017ee budou v\u017edy pasovat, \u017ee maj\u00ed vyhovuj\u00edc\u00ed kvalitu, vysokou odolnost proti opot\u0159eben\u00ed, v\u00fdbornou spolehlivost a\u00a0\u017eivotnost, a\u00a0\u017ee 100% pln\u00ed v\u0161echny standardy a\u00a0po\u017eadavky v\u00fdrobce.<\/p><p>\u00a0<\/p>\t\t\t\t\t\t<\/div>\n\t\t\t\t<\/div>\n\t\t\t\t\t<\/div>\n\t\t<\/div>\n\t\t\t\t<div class=\"elementor-column elementor-col-50 elementor-top-column elementor-element elementor-element-78d3813\" data-id=\"78d3813\" data-element_type=\"column\">\n\t\t\t<div class=\"elementor-widget-wrap elementor-element-populated\">\n\t\t\t\t\t\t\t\t<div class=\"elementor-element elementor-element-49a8207 elementor-widget elementor-widget-image\" data-id=\"49a8207\" data-element_type=\"widget\" data-widget_type=\"image.default\">\n\t\t\t\t<div class=\"elementor-widget-container\">\n\t\t\t\t\t\t\t\t\t\t\t\t\t\t\t<img loading=\"lazy\" decoding=\"async\" width=\"800\" height=\"534\" src=\"https:\/\/www.ctyrkolkykarlovyvary.cz\/wp-content\/uploads\/2023\/10\/stazeny-soubor-7-1024x683.jpeg\" class=\"attachment-large size-large wp-image-1002\" alt=\"\" srcset=\"https:\/\/www.ctyrkolkykarlovyvary.cz\/wp-content\/uploads\/2023\/10\/stazeny-soubor-7-1024x683.jpeg 1024w, https:\/\/www.ctyrkolkykarlovyvary.cz\/wp-content\/uploads\/2023\/10\/stazeny-soubor-7-300x200.jpeg 300w, https:\/\/www.ctyrkolkykarlovyvary.cz\/wp-content\/uploads\/2023\/10\/stazeny-soubor-7-768x512.jpeg 768w, https:\/\/www.ctyrkolkykarlovyvary.cz\/wp-content\/uploads\/2023\/10\/stazeny-soubor-7-1320x880.jpeg 1320w, https:\/\/www.ctyrkolkykarlovyvary.cz\/wp-content\/uploads\/2023\/10\/stazeny-soubor-7-600x400.jpeg 600w, https:\/\/www.ctyrkolkykarlovyvary.cz\/wp-content\/uploads\/2023\/10\/stazeny-soubor-7.jpeg 1407w\" sizes=\"auto, (max-width: 800px) 100vw, 800px\" \/>\t\t\t\t\t\t\t\t\t\t\t\t\t\t\t<\/div>\n\t\t\t\t<\/div>\n\t\t\t\t\t<\/div>\n\t\t<\/div>\n\t\t\t\t\t\t\t<\/div>\n\t\t<\/section>\n\t\t\t\t<section class=\"elementor-section elementor-top-section elementor-element elementor-element-a10b77f elementor-section-boxed elementor-section-height-default elementor-section-height-default\" data-id=\"a10b77f\" data-element_type=\"section\">\n\t\t\t\t\t\t<div class=\"elementor-container elementor-column-gap-default\">\n\t\t\t\t\t<div class=\"elementor-column elementor-col-100 elementor-top-column elementor-element elementor-element-6623091\" data-id=\"6623091\" data-element_type=\"column\">\n\t\t\t<div class=\"elementor-widget-wrap elementor-element-populated\">\n\t\t\t\t\t\t\t\t<div class=\"elementor-element elementor-element-ee708e5 elementor-widget elementor-widget-spacer\" data-id=\"ee708e5\" data-element_type=\"widget\" data-widget_type=\"spacer.default\">\n\t\t\t\t<div class=\"elementor-widget-container\">\n\t\t\t\t\t<div class=\"elementor-spacer\">\n\t\t\t<div class=\"elementor-spacer-inner\"><\/div>\n\t\t<\/div>\n\t\t\t\t<\/div>\n\t\t\t\t<\/div>\n\t\t\t\t\t<\/div>\n\t\t<\/div>\n\t\t\t\t\t\t\t<\/div>\n\t\t<\/section>\n\t\t\t\t<section class=\"elementor-section elementor-top-section elementor-element elementor-element-8d484c8 elementor-section-boxed elementor-section-height-default elementor-section-height-default\" data-id=\"8d484c8\" data-element_type=\"section\">\n\t\t\t\t\t\t<div class=\"elementor-container elementor-column-gap-default\">\n\t\t\t\t\t<div class=\"elementor-column elementor-col-100 elementor-top-column elementor-element elementor-element-1ada611\" data-id=\"1ada611\" data-element_type=\"column\">\n\t\t\t<div class=\"elementor-widget-wrap elementor-element-populated\">\n\t\t\t\t\t\t\t\t<div class=\"elementor-element elementor-element-91a8309 elementor-widget elementor-widget-google_maps\" data-id=\"91a8309\" data-element_type=\"widget\" data-widget_type=\"google_maps.default\">\n\t\t\t\t<div class=\"elementor-widget-container\">\n\t\t\t<style>\/*! elementor - v3.15.0 - 20-08-2023 *\/\n.elementor-widget-google_maps .elementor-widget-container{overflow:hidden}.elementor-widget-google_maps .elementor-custom-embed{line-height:0}.elementor-widget-google_maps iframe{height:300px}<\/style>\t\t<div class=\"elementor-custom-embed\">\n\t\t\t<iframe loading=\"lazy\"\n\t\t\t\t\tsrc=\"https:\/\/maps.google.com\/maps?q=Hrozn%C4%9Bt%C3%ADnsk%C3%A1%20227%2C%20360%2001%20Otovice&#038;t=m&#038;z=13&#038;output=embed&#038;iwloc=near\"\n\t\t\t\t\ttitle=\"Hrozn\u011bt\u00ednsk\u00e1 227, 360 01 Otovice\"\n\t\t\t\t\taria-label=\"Hrozn\u011bt\u00ednsk\u00e1 227, 360 01 Otovice\"\n\t\t\t><\/iframe>\n\t\t<\/div>\n\t\t\t\t<\/div>\n\t\t\t\t<\/div>\n\t\t\t\t\t<\/div>\n\t\t<\/div>\n\t\t\t\t\t\t\t<\/div>\n\t\t<\/section>\n\t\t\t\t<section class=\"elementor-section elementor-top-section elementor-element elementor-element-904954b elementor-section-boxed elementor-section-height-default elementor-section-height-default\" data-id=\"904954b\" data-element_type=\"section\">\n\t\t\t\t\t\t<div class=\"elementor-container elementor-column-gap-default\">\n\t\t\t\t\t<div class=\"elementor-column elementor-col-100 elementor-top-column elementor-element elementor-element-e7e0bc4\" data-id=\"e7e0bc4\" data-element_type=\"column\">\n\t\t\t<div class=\"elementor-widget-wrap elementor-element-populated\">\n\t\t\t\t\t\t\t\t<div class=\"elementor-element elementor-element-70ebdb9 elementor-widget elementor-widget-spacer\" data-id=\"70ebdb9\" data-element_type=\"widget\" data-widget_type=\"spacer.default\">\n\t\t\t\t<div class=\"elementor-widget-container\">\n\t\t\t\t\t<div class=\"elementor-spacer\">\n\t\t\t<div class=\"elementor-spacer-inner\"><\/div>\n\t\t<\/div>\n\t\t\t\t<\/div>\n\t\t\t\t<\/div>\n\t\t\t\t\t<\/div>\n\t\t<\/div>\n\t\t\t\t\t\t\t<\/div>\n\t\t<\/section>\n\t\t\t\t<section class=\"elementor-section elementor-top-section elementor-element elementor-element-07263e8 elementor-section-boxed elementor-section-height-default elementor-section-height-default\" data-id=\"07263e8\" data-element_type=\"section\">\n\t\t\t\t\t\t<div class=\"elementor-container elementor-column-gap-default\">\n\t\t\t\t\t<div class=\"elementor-column elementor-col-100 elementor-top-column elementor-element elementor-element-4545c46\" data-id=\"4545c46\" data-element_type=\"column\">\n\t\t\t<div class=\"elementor-widget-wrap\">\n\t\t\t\t\t\t\t\t\t<\/div>\n\t\t<\/div>\n\t\t\t\t\t\t\t<\/div>\n\t\t<\/section>\n\t\t\t\t\t\t\t<\/div>\n\t\t","protected":false},"excerpt":{"rendered":"<p>AUTO TYP PAVEL RAKOVEC Nab\u00edz\u00edme V\u00e1m v\u00edce jak t\u0159icetiletou zku\u0161enost s\u00a0prodejem a opravami vozidel.\u00a0 Na trhu p\u016fsob\u00edme ji\u017e od roku 1991. Pat\u0159\u00edme mezi prvn\u00ed prodejce vozidel zna\u010dky HYUNDAI v \u010cR. V\u00a0sou\u010dasn\u00e9 dob\u011b prov\u00e1d\u00edme servis a opravy vozidel v\u0161ech zna\u010dek. Nyn\u00ed jsme pro V\u00e1s na\u0161i \u010dinnost roz\u0161\u00ed\u0159ili o\u00a0prodej a servis \u010dty\u0159kolek zna\u010dky SEGWAY, LINHAI A TGB\u00a0v\u010detn\u011b [&hellip;]<\/p>\n","protected":false},"author":2,"featured_media":0,"parent":0,"menu_order":0,"comment_status":"closed","ping_status":"closed","template":"elementor_header_footer","meta":{"footnotes":""},"class_list":["post-26","page","type-page","status-publish","hentry"],"_links":{"self":[{"href":"https:\/\/www.ctyrkolkykarlovyvary.cz\/index.php?rest_route=\/wp\/v2\/pages\/26","targetHints":{"allow":["GET"]}}],"collection":[{"href":"https:\/\/www.ctyrkolkykarlovyvary.cz\/index.php?rest_route=\/wp\/v2\/pages"}],"about":[{"href":"https:\/\/www.ctyrkolkykarlovyvary.cz\/index.php?rest_route=\/wp\/v2\/types\/page"}],"author":[{"embeddable":true,"href":"https:\/\/www.ctyrkolkykarlovyvary.cz\/index.php?rest_route=\/wp\/v2\/users\/2"}],"replies":[{"embeddable":true,"href":"https:\/\/www.ctyrkolkykarlovyvary.cz\/index.php?rest_route=%2Fwp%2Fv2%2Fcomments&post=26"}],"version-history":[{"count":59,"href":"https:\/\/www.ctyrkolkykarlovyvary.cz\/index.php?rest_route=\/wp\/v2\/pages\/26\/revisions"}],"predecessor-version":[{"id":1005,"href":"https:\/\/www.ctyrkolkykarlovyvary.cz\/index.php?rest_route=\/wp\/v2\/pages\/26\/revisions\/1005"}],"wp:attachment":[{"href":"https:\/\/www.ctyrkolkykarlovyvary.cz\/index.php?rest_route=%2Fwp%2Fv2%2Fmedia&parent=26"}],"curies":[{"name":"wp","href":"https:\/\/api.w.org\/{rel}","templated":true}]}}